
{"id":51875,"date":"2021-03-20T11:16:56","date_gmt":"2021-03-20T13:03:17","guid":{"rendered":"https:\/\/stage.shop-cellularswiss.ch\/produit\/impact-glass-ipad-air-10-5-2019\/"},"modified":"2021-03-20T14:03:25","modified_gmt":"2021-03-20T13:03:25","slug":"impact-glass-ipad-air-10-5-2019","status":"publish","type":"product","link":"https:\/\/stage.shop-cellularswiss.ch\/de\/produit\/impact-glass-ipad-air-10-5-2019\/","title":{"rendered":"Impact Glass &#8211; iPad Air 10.5&#8243; (2019)"},"content":{"rendered":"<p>Impact Glass ist ein echtes geh\u00e4rtetes Glas, das den besten Schutz bei gleichzeitig unver\u00e4nderten Eigenschaften des Displays bietet. Eine besondere Behandlung verst\u00e4rkt die Helligkeit der HD-Displays und die Ber\u00fchrungsempfindlichkeit des Displays.<\/p>\n","protected":false},"excerpt":{"rendered":"<p>Widerstandsf\u00e4higes und d\u00fcnnes Schutzglas<\/p>\n","protected":false},"featured_media":55266,"comment_status":"closed","ping_status":"closed","template":"","meta":{"_et_pb_use_builder":"","_et_pb_old_content":"","_et_gb_content_width":""},"pwb-brand":[],"product_cat":[542,553],"product_tag":[],"compatibilite":[],"compatibilite_smartphone":[4436,4381],"brands":[],"_links":{"self":[{"href":"https:\/\/stage.shop-cellularswiss.ch\/de\/wp-json\/wp\/v2\/product\/51875"}],"collection":[{"href":"https:\/\/stage.shop-cellularswiss.ch\/de\/wp-json\/wp\/v2\/product"}],"about":[{"href":"https:\/\/stage.shop-cellularswiss.ch\/de\/wp-json\/wp\/v2\/types\/product"}],"replies":[{"embeddable":true,"href":"https:\/\/stage.shop-cellularswiss.ch\/de\/wp-json\/wp\/v2\/comments?post=51875"}],"wp:featuredmedia":[{"embeddable":true,"href":"https:\/\/stage.shop-cellularswiss.ch\/de\/wp-json\/wp\/v2\/media\/55266"}],"wp:attachment":[{"href":"https:\/\/stage.shop-cellularswiss.ch\/de\/wp-json\/wp\/v2\/media?parent=51875"}],"wp:term":[{"taxonomy":"pwb-brand","embeddable":true,"href":"https:\/\/stage.shop-cellularswiss.ch\/de\/wp-json\/wp\/v2\/pwb-brand?post=51875"},{"taxonomy":"product_cat","embeddable":true,"href":"https:\/\/stage.shop-cellularswiss.ch\/de\/wp-json\/wp\/v2\/product_cat?post=51875"},{"taxonomy":"product_tag","embeddable":true,"href":"https:\/\/stage.shop-cellularswiss.ch\/de\/wp-json\/wp\/v2\/product_tag?post=51875"},{"taxonomy":"compatibilite","embeddable":true,"href":"https:\/\/stage.shop-cellularswiss.ch\/de\/wp-json\/wp\/v2\/compatibilite?post=51875"},{"taxonomy":"compatibilite_smartphone","embeddable":true,"href":"https:\/\/stage.shop-cellularswiss.ch\/de\/wp-json\/wp\/v2\/compatibilite_smartphone?post=51875"}],"curies":[{"name":"wp","href":"https:\/\/api.w.org\/{rel}","templated":true}]}}