
{"id":51878,"date":"2021-03-20T14:03:28","date_gmt":"2021-03-20T13:03:28","guid":{"rendered":"https:\/\/stage.shop-cellularswiss.ch\/produit\/impact-glass-ipad-pro-12-9-2020-ipad-pro-12-9-2018\/"},"modified":"2021-03-20T14:03:30","modified_gmt":"2021-03-20T13:03:30","slug":"impact-glass-ipad-pro-12-9-2020-ipad-pro-12-9-2018","status":"publish","type":"product","link":"https:\/\/stage.shop-cellularswiss.ch\/de\/produit\/impact-glass-ipad-pro-12-9-2020-ipad-pro-12-9-2018\/","title":{"rendered":"Impact Glass &#8211; iPad Pro 12.9&#8243; (2020) \/ iPad Pro 12.9&#8220; (2018)"},"content":{"rendered":"<p>Impact Glass ist ein echtes geh\u00e4rtetes Glas, das den besten Schutz bei gleichzeitig unver\u00e4nderten Eigenschaften des Displays bietet. Eine besondere Behandlung verst\u00e4rkt die Helligkeit der HD-Displays und die Ber\u00fchrungsempfindlichkeit des Displays.<\/p>\n","protected":false},"excerpt":{"rendered":"<p>Widerstandsf\u00e4higes und d\u00fcnnes Schutzglas<\/p>\n","protected":false},"featured_media":55222,"comment_status":"closed","ping_status":"open","template":"","meta":{"_et_pb_use_builder":"","_et_pb_old_content":"","_et_gb_content_width":""},"pwb-brand":[],"product_cat":[542,553],"product_tag":[],"compatibilite":[],"compatibilite_smartphone":[4420],"brands":[],"_links":{"self":[{"href":"https:\/\/stage.shop-cellularswiss.ch\/de\/wp-json\/wp\/v2\/product\/51878"}],"collection":[{"href":"https:\/\/stage.shop-cellularswiss.ch\/de\/wp-json\/wp\/v2\/product"}],"about":[{"href":"https:\/\/stage.shop-cellularswiss.ch\/de\/wp-json\/wp\/v2\/types\/product"}],"replies":[{"embeddable":true,"href":"https:\/\/stage.shop-cellularswiss.ch\/de\/wp-json\/wp\/v2\/comments?post=51878"}],"wp:featuredmedia":[{"embeddable":true,"href":"https:\/\/stage.shop-cellularswiss.ch\/de\/wp-json\/wp\/v2\/media\/55222"}],"wp:attachment":[{"href":"https:\/\/stage.shop-cellularswiss.ch\/de\/wp-json\/wp\/v2\/media?parent=51878"}],"wp:term":[{"taxonomy":"pwb-brand","embeddable":true,"href":"https:\/\/stage.shop-cellularswiss.ch\/de\/wp-json\/wp\/v2\/pwb-brand?post=51878"},{"taxonomy":"product_cat","embeddable":true,"href":"https:\/\/stage.shop-cellularswiss.ch\/de\/wp-json\/wp\/v2\/product_cat?post=51878"},{"taxonomy":"product_tag","embeddable":true,"href":"https:\/\/stage.shop-cellularswiss.ch\/de\/wp-json\/wp\/v2\/product_tag?post=51878"},{"taxonomy":"compatibilite","embeddable":true,"href":"https:\/\/stage.shop-cellularswiss.ch\/de\/wp-json\/wp\/v2\/compatibilite?post=51878"},{"taxonomy":"compatibilite_smartphone","embeddable":true,"href":"https:\/\/stage.shop-cellularswiss.ch\/de\/wp-json\/wp\/v2\/compatibilite_smartphone?post=51878"}],"curies":[{"name":"wp","href":"https:\/\/api.w.org\/{rel}","templated":true}]}}