
{"id":51900,"date":"2021-03-20T11:17:52","date_gmt":"2021-03-20T13:04:04","guid":{"rendered":"https:\/\/stage.shop-cellularswiss.ch\/produit\/impact-glass-capsule-galaxy-s20-fe\/"},"modified":"2021-08-23T17:04:19","modified_gmt":"2021-08-23T15:04:19","slug":"impact-glass-capsule-galaxy-s20-fe","status":"publish","type":"product","link":"https:\/\/stage.shop-cellularswiss.ch\/de\/produit\/impact-glass-capsule-galaxy-s20-fe\/","title":{"rendered":"Impact Glass Capsule &#8211; Galaxy S20 FE"},"content":{"rendered":"<p>Impact Glass Capsule ist das thermogeformte, geh\u00e4rtete Glas, das den Rand des Telefons perfekt abdecken und den richtigen Schutz f\u00fcr das Display garantieren kann, ohne dessen Aufl\u00f6sung zu \u00e4ndern. Das aus ultratransparentem Material mit farblich auf das Telefon abgestimmtem Rahmen bestehende geh\u00e4rtete Glas Impact Glass Capsule passt sich dem Design des Smartphones perfekt an und kann auch mit einer Schutzh\u00fclle verwendet werden.<\/p>\n","protected":false},"excerpt":{"rendered":"<p>Widerstandsf\u00e4higes und d\u00fcnnes Schutzglas<\/p>\n","protected":false},"featured_media":62258,"comment_status":"closed","ping_status":"closed","template":"","meta":{"_et_pb_use_builder":"","_et_pb_old_content":"","_et_gb_content_width":""},"pwb-brand":[],"product_cat":[542,549],"product_tag":[],"compatibilite":[],"compatibilite_smartphone":[4431],"brands":[],"_links":{"self":[{"href":"https:\/\/stage.shop-cellularswiss.ch\/de\/wp-json\/wp\/v2\/product\/51900"}],"collection":[{"href":"https:\/\/stage.shop-cellularswiss.ch\/de\/wp-json\/wp\/v2\/product"}],"about":[{"href":"https:\/\/stage.shop-cellularswiss.ch\/de\/wp-json\/wp\/v2\/types\/product"}],"replies":[{"embeddable":true,"href":"https:\/\/stage.shop-cellularswiss.ch\/de\/wp-json\/wp\/v2\/comments?post=51900"}],"wp:featuredmedia":[{"embeddable":true,"href":"https:\/\/stage.shop-cellularswiss.ch\/de\/wp-json\/wp\/v2\/media\/62258"}],"wp:attachment":[{"href":"https:\/\/stage.shop-cellularswiss.ch\/de\/wp-json\/wp\/v2\/media?parent=51900"}],"wp:term":[{"taxonomy":"pwb-brand","embeddable":true,"href":"https:\/\/stage.shop-cellularswiss.ch\/de\/wp-json\/wp\/v2\/pwb-brand?post=51900"},{"taxonomy":"product_cat","embeddable":true,"href":"https:\/\/stage.shop-cellularswiss.ch\/de\/wp-json\/wp\/v2\/product_cat?post=51900"},{"taxonomy":"product_tag","embeddable":true,"href":"https:\/\/stage.shop-cellularswiss.ch\/de\/wp-json\/wp\/v2\/product_tag?post=51900"},{"taxonomy":"compatibilite","embeddable":true,"href":"https:\/\/stage.shop-cellularswiss.ch\/de\/wp-json\/wp\/v2\/compatibilite?post=51900"},{"taxonomy":"compatibilite_smartphone","embeddable":true,"href":"https:\/\/stage.shop-cellularswiss.ch\/de\/wp-json\/wp\/v2\/compatibilite_smartphone?post=51900"}],"curies":[{"name":"wp","href":"https:\/\/api.w.org\/{rel}","templated":true}]}}