
{"id":51903,"date":"2021-03-20T11:17:58","date_gmt":"2021-03-20T13:04:08","guid":{"rendered":"https:\/\/stage.shop-cellularswiss.ch\/produit\/impact-glass-capsule-iphone-11-pro-max-xs-max\/"},"modified":"2021-03-20T14:04:12","modified_gmt":"2021-03-20T13:04:12","slug":"impact-glass-capsule-iphone-11-pro-max-xs-max","status":"publish","type":"product","link":"https:\/\/stage.shop-cellularswiss.ch\/de\/produit\/impact-glass-capsule-iphone-11-pro-max-xs-max\/","title":{"rendered":"Impact Glass Capsule &#8211; iPhone 11 Pro Max\/XS Max"},"content":{"rendered":"<p>Impact Glass Capsule ist ein extrem widerstandsf\u00e4higes geh\u00e4rtetes Glas (H\u00e4rtegrad 9H), das mit einem Rahmen kombiniert ist, der perfekt an den R\u00e4ndern und Ecken des Displays haftet und diese bedeckt und dadurch h\u00f6chsten Schutz der gesamten Oberfl\u00e4che der Vorderseite des Telefons garantiert<\/p>\n","protected":false},"excerpt":{"rendered":"<p>Widerstandsf\u00e4higes und d\u00fcnnes Schutzglas<\/p>\n","protected":false},"featured_media":62266,"comment_status":"closed","ping_status":"closed","template":"","meta":{"_et_pb_use_builder":"","_et_pb_old_content":"","_et_gb_content_width":""},"pwb-brand":[],"product_cat":[542,549],"product_tag":[],"compatibilite":[],"compatibilite_smartphone":[4438,4434],"brands":[],"_links":{"self":[{"href":"https:\/\/stage.shop-cellularswiss.ch\/de\/wp-json\/wp\/v2\/product\/51903"}],"collection":[{"href":"https:\/\/stage.shop-cellularswiss.ch\/de\/wp-json\/wp\/v2\/product"}],"about":[{"href":"https:\/\/stage.shop-cellularswiss.ch\/de\/wp-json\/wp\/v2\/types\/product"}],"replies":[{"embeddable":true,"href":"https:\/\/stage.shop-cellularswiss.ch\/de\/wp-json\/wp\/v2\/comments?post=51903"}],"wp:featuredmedia":[{"embeddable":true,"href":"https:\/\/stage.shop-cellularswiss.ch\/de\/wp-json\/wp\/v2\/media\/62266"}],"wp:attachment":[{"href":"https:\/\/stage.shop-cellularswiss.ch\/de\/wp-json\/wp\/v2\/media?parent=51903"}],"wp:term":[{"taxonomy":"pwb-brand","embeddable":true,"href":"https:\/\/stage.shop-cellularswiss.ch\/de\/wp-json\/wp\/v2\/pwb-brand?post=51903"},{"taxonomy":"product_cat","embeddable":true,"href":"https:\/\/stage.shop-cellularswiss.ch\/de\/wp-json\/wp\/v2\/product_cat?post=51903"},{"taxonomy":"product_tag","embeddable":true,"href":"https:\/\/stage.shop-cellularswiss.ch\/de\/wp-json\/wp\/v2\/product_tag?post=51903"},{"taxonomy":"compatibilite","embeddable":true,"href":"https:\/\/stage.shop-cellularswiss.ch\/de\/wp-json\/wp\/v2\/compatibilite?post=51903"},{"taxonomy":"compatibilite_smartphone","embeddable":true,"href":"https:\/\/stage.shop-cellularswiss.ch\/de\/wp-json\/wp\/v2\/compatibilite_smartphone?post=51903"}],"curies":[{"name":"wp","href":"https:\/\/api.w.org\/{rel}","templated":true}]}}