
{"id":51917,"date":"2021-03-20T11:18:29","date_gmt":"2021-03-20T13:04:30","guid":{"rendered":"https:\/\/stage.shop-cellularswiss.ch\/produit\/impact-glass-curved-galaxy-s20\/"},"modified":"2021-03-20T14:04:35","modified_gmt":"2021-03-20T13:04:35","slug":"impact-glass-curved-galaxy-s20","status":"publish","type":"product","link":"https:\/\/stage.shop-cellularswiss.ch\/de\/produit\/impact-glass-curved-galaxy-s20\/","title":{"rendered":"Impact Glass Curved- Galaxy S20"},"content":{"rendered":"<p>Das echte geh\u00e4rtete Glas Impact Glass Curvedist d\u00fcnn und sto\u00dffest (9H) und der thermogeformte, gebogene Rand passt sich perfekt dem Design des Telefons an und gew\u00e4hrleistet den besten Schutz des Displays.<\/p>\n","protected":false},"excerpt":{"rendered":"<p>Gebogenes, geh\u00e4rtetes Glas \u2013 sto\u00dffest und ultrad\u00fcnn<\/p>\n","protected":false},"featured_media":62302,"comment_status":"closed","ping_status":"closed","template":"","meta":{"_et_pb_use_builder":"","_et_pb_old_content":"","_et_gb_content_width":""},"pwb-brand":[],"product_cat":[542,549],"product_tag":[],"compatibilite":[],"compatibilite_smartphone":[4424],"brands":[],"_links":{"self":[{"href":"https:\/\/stage.shop-cellularswiss.ch\/de\/wp-json\/wp\/v2\/product\/51917"}],"collection":[{"href":"https:\/\/stage.shop-cellularswiss.ch\/de\/wp-json\/wp\/v2\/product"}],"about":[{"href":"https:\/\/stage.shop-cellularswiss.ch\/de\/wp-json\/wp\/v2\/types\/product"}],"replies":[{"embeddable":true,"href":"https:\/\/stage.shop-cellularswiss.ch\/de\/wp-json\/wp\/v2\/comments?post=51917"}],"wp:featuredmedia":[{"embeddable":true,"href":"https:\/\/stage.shop-cellularswiss.ch\/de\/wp-json\/wp\/v2\/media\/62302"}],"wp:attachment":[{"href":"https:\/\/stage.shop-cellularswiss.ch\/de\/wp-json\/wp\/v2\/media?parent=51917"}],"wp:term":[{"taxonomy":"pwb-brand","embeddable":true,"href":"https:\/\/stage.shop-cellularswiss.ch\/de\/wp-json\/wp\/v2\/pwb-brand?post=51917"},{"taxonomy":"product_cat","embeddable":true,"href":"https:\/\/stage.shop-cellularswiss.ch\/de\/wp-json\/wp\/v2\/product_cat?post=51917"},{"taxonomy":"product_tag","embeddable":true,"href":"https:\/\/stage.shop-cellularswiss.ch\/de\/wp-json\/wp\/v2\/product_tag?post=51917"},{"taxonomy":"compatibilite","embeddable":true,"href":"https:\/\/stage.shop-cellularswiss.ch\/de\/wp-json\/wp\/v2\/compatibilite?post=51917"},{"taxonomy":"compatibilite_smartphone","embeddable":true,"href":"https:\/\/stage.shop-cellularswiss.ch\/de\/wp-json\/wp\/v2\/compatibilite_smartphone?post=51917"}],"curies":[{"name":"wp","href":"https:\/\/api.w.org\/{rel}","templated":true}]}}