
{"id":51923,"date":"2021-03-20T14:04:42","date_gmt":"2021-03-20T13:04:42","guid":{"rendered":"https:\/\/stage.shop-cellularswiss.ch\/produit\/in-car-holder-for-air-vents-universal\/"},"modified":"2021-03-20T14:04:46","modified_gmt":"2021-03-20T13:04:46","slug":"in-car-holder-for-air-vents-universal","status":"publish","type":"product","link":"https:\/\/stage.shop-cellularswiss.ch\/de\/produit\/in-car-holder-for-air-vents-universal\/","title":{"rendered":"In-Car Holder for Air Vents &#8211; Universal"},"content":{"rendered":"<p>IN CAR-HOLDER for AIR VENTS ist eine praktische Smartphonehalterung f\u00fcr das Auto, die sich an den L\u00fcftungsd\u00fcsen befestigen l\u00e4sst. Ausgestattet mit Klammerbefestigung und 360\u00b0-Gelenk, erm\u00f6glicht den Blick auf das Display des Smartphones bequem und sicher w\u00e4hrend der Fahrt.<\/p>\n","protected":false},"excerpt":{"rendered":"<p>Smartphonehalterung f\u00fcr L\u00fcftungsd\u00fcsen im Auto<\/p>\n","protected":false},"featured_media":54430,"comment_status":"closed","ping_status":"open","template":"","meta":{"_et_pb_use_builder":"","_et_pb_old_content":"","_et_gb_content_width":""},"pwb-brand":[],"product_cat":[3853,1781],"product_tag":[],"compatibilite":[],"compatibilite_smartphone":[4496,4497,4379,4353,4449,4447,4380,4362,4448,4433,4385,4386,4402,4406,4395,4401,4400,4393,4412,4397,4498],"brands":[],"_links":{"self":[{"href":"https:\/\/stage.shop-cellularswiss.ch\/de\/wp-json\/wp\/v2\/product\/51923"}],"collection":[{"href":"https:\/\/stage.shop-cellularswiss.ch\/de\/wp-json\/wp\/v2\/product"}],"about":[{"href":"https:\/\/stage.shop-cellularswiss.ch\/de\/wp-json\/wp\/v2\/types\/product"}],"replies":[{"embeddable":true,"href":"https:\/\/stage.shop-cellularswiss.ch\/de\/wp-json\/wp\/v2\/comments?post=51923"}],"wp:featuredmedia":[{"embeddable":true,"href":"https:\/\/stage.shop-cellularswiss.ch\/de\/wp-json\/wp\/v2\/media\/54430"}],"wp:attachment":[{"href":"https:\/\/stage.shop-cellularswiss.ch\/de\/wp-json\/wp\/v2\/media?parent=51923"}],"wp:term":[{"taxonomy":"pwb-brand","embeddable":true,"href":"https:\/\/stage.shop-cellularswiss.ch\/de\/wp-json\/wp\/v2\/pwb-brand?post=51923"},{"taxonomy":"product_cat","embeddable":true,"href":"https:\/\/stage.shop-cellularswiss.ch\/de\/wp-json\/wp\/v2\/product_cat?post=51923"},{"taxonomy":"product_tag","embeddable":true,"href":"https:\/\/stage.shop-cellularswiss.ch\/de\/wp-json\/wp\/v2\/product_tag?post=51923"},{"taxonomy":"compatibilite","embeddable":true,"href":"https:\/\/stage.shop-cellularswiss.ch\/de\/wp-json\/wp\/v2\/compatibilite?post=51923"},{"taxonomy":"compatibilite_smartphone","embeddable":true,"href":"https:\/\/stage.shop-cellularswiss.ch\/de\/wp-json\/wp\/v2\/compatibilite_smartphone?post=51923"}],"curies":[{"name":"wp","href":"https:\/\/api.w.org\/{rel}","templated":true}]}}