
{"id":51932,"date":"2021-03-20T11:19:06","date_gmt":"2021-03-20T13:04:59","guid":{"rendered":"https:\/\/stage.shop-cellularswiss.ch\/produit\/jungle-universale\/"},"modified":"2021-03-20T14:05:04","modified_gmt":"2021-03-20T13:05:04","slug":"jungle-universale","status":"publish","type":"product","link":"https:\/\/stage.shop-cellularswiss.ch\/de\/produit\/jungle-universale\/","title":{"rendered":"Jungle &#8211; Universale"},"content":{"rendered":"<p>Jungle ist das Bluetooth\u00ae-Headset mit In-Ear-Kapsel, das eine passive Isolierung vor Umgebungsger\u00e4uschen garantiert und \u00fcber einen Magnetverschluss verf\u00fcgt. Es ist die ideale L\u00f6sung f\u00fcr alle, die auf kr\u00e4ftige, definierte B\u00e4sse bei kompletter Bewegungsfreiheit wert legen. Mit den drei Tasten am Headset kann die Universal-Fernbedienung aktiviert werden und die Lautst\u00e4rke und die wiedergegebenen Musiktitel k\u00f6nnen jederzeit auf praktische und bequeme Weise ge\u00e4ndert werden. Dank der innovativen \u201eStreaming Top Sound Performance\u201c-Technologie kann auch beim Streaming eine ausgezeichnete Musikwiedergabequalit\u00e4t erreicht werden, w\u00e4hrend die integrierte Rufannahmetaste die einfache und schnelle Annahme von auf dem Smartphone eingehenden Anrufen erlaubt.<\/p>\n","protected":false},"excerpt":{"rendered":"<p>In-Ear-Bluetooth\u00ae-Headset f\u00fcr definierte B\u00e4sse<\/p>\n","protected":false},"featured_media":56254,"comment_status":"closed","ping_status":"closed","template":"","meta":{"_et_pb_use_builder":"","_et_pb_old_content":"","_et_gb_content_width":""},"pwb-brand":[],"product_cat":[472],"product_tag":[],"compatibilite":[],"compatibilite_smartphone":[4366,4384,4363,4370,4354,4365,4376,4436,4443,4383,4441,4373,4381,4417,4419,4382,4420,4361,4418,4450,4437,4439,4438,4446,4442,4445,4444,4378,4356,4359,4377,4364,4379,4353,4374,4372,4449,4447,4380,4362,4448,4440,4358,4435,4433,4434,4367,4385,4388,4386,4389,4387,4421,4390,4415,4402,4413,4396,4406,4414,4405,4408,4394,4403,4407,4404,4410,4395,4422,4409,4399,4427,4428,4423,4401,4400,4431,4425,4424,4429,4430,4393,4412,4397,4416,4411,4426,4392,4391],"brands":[],"_links":{"self":[{"href":"https:\/\/stage.shop-cellularswiss.ch\/de\/wp-json\/wp\/v2\/product\/51932"}],"collection":[{"href":"https:\/\/stage.shop-cellularswiss.ch\/de\/wp-json\/wp\/v2\/product"}],"about":[{"href":"https:\/\/stage.shop-cellularswiss.ch\/de\/wp-json\/wp\/v2\/types\/product"}],"replies":[{"embeddable":true,"href":"https:\/\/stage.shop-cellularswiss.ch\/de\/wp-json\/wp\/v2\/comments?post=51932"}],"wp:featuredmedia":[{"embeddable":true,"href":"https:\/\/stage.shop-cellularswiss.ch\/de\/wp-json\/wp\/v2\/media\/56254"}],"wp:attachment":[{"href":"https:\/\/stage.shop-cellularswiss.ch\/de\/wp-json\/wp\/v2\/media?parent=51932"}],"wp:term":[{"taxonomy":"pwb-brand","embeddable":true,"href":"https:\/\/stage.shop-cellularswiss.ch\/de\/wp-json\/wp\/v2\/pwb-brand?post=51932"},{"taxonomy":"product_cat","embeddable":true,"href":"https:\/\/stage.shop-cellularswiss.ch\/de\/wp-json\/wp\/v2\/product_cat?post=51932"},{"taxonomy":"product_tag","embeddable":true,"href":"https:\/\/stage.shop-cellularswiss.ch\/de\/wp-json\/wp\/v2\/product_tag?post=51932"},{"taxonomy":"compatibilite","embeddable":true,"href":"https:\/\/stage.shop-cellularswiss.ch\/de\/wp-json\/wp\/v2\/compatibilite?post=51932"},{"taxonomy":"compatibilite_smartphone","embeddable":true,"href":"https:\/\/stage.shop-cellularswiss.ch\/de\/wp-json\/wp\/v2\/compatibilite_smartphone?post=51932"}],"curies":[{"name":"wp","href":"https:\/\/api.w.org\/{rel}","templated":true}]}}