
{"id":51935,"date":"2021-03-20T11:19:13","date_gmt":"2021-03-20T13:05:03","guid":{"rendered":"https:\/\/stage.shop-cellularswiss.ch\/produit\/kosmos\/"},"modified":"2021-03-20T14:05:07","modified_gmt":"2021-03-20T13:05:07","slug":"kosmos","status":"publish","type":"product","link":"https:\/\/stage.shop-cellularswiss.ch\/de\/produit\/kosmos\/","title":{"rendered":"Kosmos"},"content":{"rendered":"<p>Kosmos sind die Bluetooth-Kopfh\u00f6rer in lebhaften Farben aus einem ultraleichten Material mit Tasten f\u00fcr die universale Fernbedienung direkt auf der H\u00f6rmuschel und Soft-Touch-Oberfl\u00e4che, wodurch sie extrem bequem zu tragen sind. Der 40mm-Treiber sorgt f\u00fcr verzerrungsfreie und definierte B\u00e4sse sowie kristallklare hohe T\u00f6ne. Leicht zu tragen und schnell aufzuladen: dank des Fast-Recharge-Systems gen\u00fcgen schon 15 Minuten Ladezeit f\u00fcr 90 Minuten Musikwiedergabe.<\/p>\n","protected":false},"excerpt":{"rendered":"<p>Farbige Bluetooth\u00ae-Kopfh\u00f6rer mit Pump-Bass-Technologie<\/p>\n","protected":false},"featured_media":54762,"comment_status":"closed","ping_status":"closed","template":"","meta":{"_et_pb_use_builder":"","_et_pb_old_content":"","_et_gb_content_width":""},"pwb-brand":[],"product_cat":[472,480],"product_tag":[],"compatibilite":[],"compatibilite_smartphone":[],"brands":[],"_links":{"self":[{"href":"https:\/\/stage.shop-cellularswiss.ch\/de\/wp-json\/wp\/v2\/product\/51935"}],"collection":[{"href":"https:\/\/stage.shop-cellularswiss.ch\/de\/wp-json\/wp\/v2\/product"}],"about":[{"href":"https:\/\/stage.shop-cellularswiss.ch\/de\/wp-json\/wp\/v2\/types\/product"}],"replies":[{"embeddable":true,"href":"https:\/\/stage.shop-cellularswiss.ch\/de\/wp-json\/wp\/v2\/comments?post=51935"}],"wp:featuredmedia":[{"embeddable":true,"href":"https:\/\/stage.shop-cellularswiss.ch\/de\/wp-json\/wp\/v2\/media\/54762"}],"wp:attachment":[{"href":"https:\/\/stage.shop-cellularswiss.ch\/de\/wp-json\/wp\/v2\/media?parent=51935"}],"wp:term":[{"taxonomy":"pwb-brand","embeddable":true,"href":"https:\/\/stage.shop-cellularswiss.ch\/de\/wp-json\/wp\/v2\/pwb-brand?post=51935"},{"taxonomy":"product_cat","embeddable":true,"href":"https:\/\/stage.shop-cellularswiss.ch\/de\/wp-json\/wp\/v2\/product_cat?post=51935"},{"taxonomy":"product_tag","embeddable":true,"href":"https:\/\/stage.shop-cellularswiss.ch\/de\/wp-json\/wp\/v2\/product_tag?post=51935"},{"taxonomy":"compatibilite","embeddable":true,"href":"https:\/\/stage.shop-cellularswiss.ch\/de\/wp-json\/wp\/v2\/compatibilite?post=51935"},{"taxonomy":"compatibilite_smartphone","embeddable":true,"href":"https:\/\/stage.shop-cellularswiss.ch\/de\/wp-json\/wp\/v2\/compatibilite_smartphone?post=51935"}],"curies":[{"name":"wp","href":"https:\/\/api.w.org\/{rel}","templated":true}]}}