
{"id":51936,"date":"2021-03-20T14:05:06","date_gmt":"2021-03-20T13:05:06","guid":{"rendered":"https:\/\/stage.shop-cellularswiss.ch\/produit\/live\/"},"modified":"2021-03-20T14:05:10","modified_gmt":"2021-03-20T13:05:10","slug":"live","status":"publish","type":"product","link":"https:\/\/stage.shop-cellularswiss.ch\/de\/produit\/live\/","title":{"rendered":"Live"},"content":{"rendered":"<p>LIVE ist ein ovales In-Ear-Headset der neuesten Generation, das sich ideal f\u00fcr all diejenigen eignet, die ein qualitativ hochwertiges H\u00f6rerlebnis mit kr\u00e4ftigen und definierten B\u00e4sse genie\u00dfen m\u00f6chten. Die \u201eStreaming Top Sound Technology\u201c-Technologie erm\u00f6glicht die Musikwiedergabe in optimaler Klangqualit\u00e4t \u2013 auch beim Streaming. Wodurch das Live-Headset sich perfekt f\u00fcr diejenigen eignet, die ein optimales H\u00f6rerlebnis mit dem Smartphone erreichen m\u00f6chten. Des Weiteren kann man mit dem Mikrofon mit integrierter Rufannahmetaste leicht und schnell mit einem einfachen Klick die eingehenden Anrufe annehmen und das Lied wechseln.<\/p>\n","protected":false},"excerpt":{"rendered":"<p>Pump-Bass-In-Ear-Headset<\/p>\n","protected":false},"featured_media":55662,"comment_status":"closed","ping_status":"open","template":"","meta":{"_et_pb_use_builder":"","_et_pb_old_content":"","_et_gb_content_width":""},"pwb-brand":[],"product_cat":[472,489],"product_tag":[],"compatibilite":[],"compatibilite_smartphone":[4366,4384,4365,4385,4388,4386,4389,4387,4402,4413,4406,4414,4405,4408,4403,4407,4404,4410,4409,4401,4400,4393,4397,4416,4411,4392,4391],"brands":[],"_links":{"self":[{"href":"https:\/\/stage.shop-cellularswiss.ch\/de\/wp-json\/wp\/v2\/product\/51936"}],"collection":[{"href":"https:\/\/stage.shop-cellularswiss.ch\/de\/wp-json\/wp\/v2\/product"}],"about":[{"href":"https:\/\/stage.shop-cellularswiss.ch\/de\/wp-json\/wp\/v2\/types\/product"}],"replies":[{"embeddable":true,"href":"https:\/\/stage.shop-cellularswiss.ch\/de\/wp-json\/wp\/v2\/comments?post=51936"}],"wp:featuredmedia":[{"embeddable":true,"href":"https:\/\/stage.shop-cellularswiss.ch\/de\/wp-json\/wp\/v2\/media\/55662"}],"wp:attachment":[{"href":"https:\/\/stage.shop-cellularswiss.ch\/de\/wp-json\/wp\/v2\/media?parent=51936"}],"wp:term":[{"taxonomy":"pwb-brand","embeddable":true,"href":"https:\/\/stage.shop-cellularswiss.ch\/de\/wp-json\/wp\/v2\/pwb-brand?post=51936"},{"taxonomy":"product_cat","embeddable":true,"href":"https:\/\/stage.shop-cellularswiss.ch\/de\/wp-json\/wp\/v2\/product_cat?post=51936"},{"taxonomy":"product_tag","embeddable":true,"href":"https:\/\/stage.shop-cellularswiss.ch\/de\/wp-json\/wp\/v2\/product_tag?post=51936"},{"taxonomy":"compatibilite","embeddable":true,"href":"https:\/\/stage.shop-cellularswiss.ch\/de\/wp-json\/wp\/v2\/compatibilite?post=51936"},{"taxonomy":"compatibilite_smartphone","embeddable":true,"href":"https:\/\/stage.shop-cellularswiss.ch\/de\/wp-json\/wp\/v2\/compatibilite_smartphone?post=51936"}],"curies":[{"name":"wp","href":"https:\/\/api.w.org\/{rel}","templated":true}]}}