
{"id":51940,"date":"2021-03-20T11:19:25","date_gmt":"2021-03-20T13:05:12","guid":{"rendered":"https:\/\/stage.shop-cellularswiss.ch\/produit\/long-life-galaxy-s21-2\/"},"modified":"2021-03-20T14:05:14","modified_gmt":"2021-03-20T13:05:14","slug":"long-life-galaxy-s21-2","status":"publish","type":"product","link":"https:\/\/stage.shop-cellularswiss.ch\/de\/produit\/long-life-galaxy-s21-2\/","title":{"rendered":"Long Life &#8211; Galaxy S21+"},"content":{"rendered":"<p>Long Life ist ein hochwertiges Hybridglas, das unzerst\u00f6rbar ist und maximalen Schutz bietet. Die spezielle Behandlung mit Hydromolek\u00fclen macht es besonders widerstandsf\u00e4hig und flexibel, wodurch es fast unm\u00f6glich ist, dass es bricht oder splittert. Haftet perfekt an der gesamten Display-Oberfl\u00e4che und gew\u00e4hrleistet eine ausgezeichnete Leitf\u00e4higkeit und Ber\u00fchrungsempfindlichkeit. Qualit\u00e4t ist f\u00fcr uns nicht nur ein Versprechen, sondern eine Pflicht! Falls Long Life bricht, ersetzen wir es \u00fcber die gesamte Lebensdauer Ihres Smartphones.Entdecken Sie die Garantiebedingungen auf unserer Website unter www.cellularline.com\/de\/one4ever<\/p>\n","protected":false},"excerpt":{"rendered":"<p>Unzerst\u00f6rbares Hybridglas mit lebenslanger Garantie<\/p>\n","protected":false},"featured_media":62330,"comment_status":"closed","ping_status":"closed","template":"","meta":{"_et_pb_use_builder":"","_et_pb_old_content":"","_et_gb_content_width":""},"pwb-brand":[],"product_cat":[542,549],"product_tag":[],"compatibilite":[],"compatibilite_smartphone":[4429,4662],"brands":[],"_links":{"self":[{"href":"https:\/\/stage.shop-cellularswiss.ch\/de\/wp-json\/wp\/v2\/product\/51940"}],"collection":[{"href":"https:\/\/stage.shop-cellularswiss.ch\/de\/wp-json\/wp\/v2\/product"}],"about":[{"href":"https:\/\/stage.shop-cellularswiss.ch\/de\/wp-json\/wp\/v2\/types\/product"}],"replies":[{"embeddable":true,"href":"https:\/\/stage.shop-cellularswiss.ch\/de\/wp-json\/wp\/v2\/comments?post=51940"}],"wp:featuredmedia":[{"embeddable":true,"href":"https:\/\/stage.shop-cellularswiss.ch\/de\/wp-json\/wp\/v2\/media\/62330"}],"wp:attachment":[{"href":"https:\/\/stage.shop-cellularswiss.ch\/de\/wp-json\/wp\/v2\/media?parent=51940"}],"wp:term":[{"taxonomy":"pwb-brand","embeddable":true,"href":"https:\/\/stage.shop-cellularswiss.ch\/de\/wp-json\/wp\/v2\/pwb-brand?post=51940"},{"taxonomy":"product_cat","embeddable":true,"href":"https:\/\/stage.shop-cellularswiss.ch\/de\/wp-json\/wp\/v2\/product_cat?post=51940"},{"taxonomy":"product_tag","embeddable":true,"href":"https:\/\/stage.shop-cellularswiss.ch\/de\/wp-json\/wp\/v2\/product_tag?post=51940"},{"taxonomy":"compatibilite","embeddable":true,"href":"https:\/\/stage.shop-cellularswiss.ch\/de\/wp-json\/wp\/v2\/compatibilite?post=51940"},{"taxonomy":"compatibilite_smartphone","embeddable":true,"href":"https:\/\/stage.shop-cellularswiss.ch\/de\/wp-json\/wp\/v2\/compatibilite_smartphone?post=51940"}],"curies":[{"name":"wp","href":"https:\/\/api.w.org\/{rel}","templated":true}]}}