
{"id":51948,"date":"2021-03-20T14:05:27","date_gmt":"2021-03-20T13:05:27","guid":{"rendered":"https:\/\/stage.shop-cellularswiss.ch\/produit\/loud\/"},"modified":"2021-03-20T14:05:31","modified_gmt":"2021-03-20T13:05:31","slug":"loud","status":"publish","type":"product","link":"https:\/\/stage.shop-cellularswiss.ch\/de\/produit\/loud\/","title":{"rendered":"Loud"},"content":{"rendered":"<p>Loud ist ein ovales Kapsel-Headset der neuesten Generation, das sich ideal f\u00fcr all diejenigen eignet, die ein qualitativ hochwertiges H\u00f6rerlebnis mit einem klaren und sauberen Klang genie\u00dfen m\u00f6chten. Das flache verwickelfreie Kabel bietet maximale Bequemlichkeit und Komfort, w\u00e4hrend die Soft-Touch-Beschichtung den Loud zu einem eleganten und angenehm anzuf\u00fchlendem Accessoire macht. Die Streaming Top Sound Performance Technologie erm\u00f6glicht die Musikwiedergabe in optimaler Klangqualit\u00e4t auch beim Streaming. Perfekt f\u00fcr diejenigen, die ein optimales H\u00f6rerlebnis mit dem Smartphone erreichen m\u00f6chten. Des Weiteren kann man mit dem Mikrofon mit integrierter Rufannahmetaste leicht und schnell mit einem einfachen Klick die eingehenden Anrufe annehmen und das Lied wechseln.<\/p>\n","protected":false},"excerpt":{"rendered":"<p>Auricular de c\u00e1psula oval con sonido definido y potente<\/p>\n","protected":false},"featured_media":55654,"comment_status":"closed","ping_status":"open","template":"","meta":{"_et_pb_use_builder":"","_et_pb_old_content":"","_et_gb_content_width":""},"pwb-brand":[],"product_cat":[472,489],"product_tag":[],"compatibilite":[],"compatibilite_smartphone":[4366,4369,4384,4363,4370,4354,4365,4375,4376,4355,4383,4357,4368,4373,4381,4382,4361,4378,4356,4359,4377,4364,4379,4353,4374,4372,4362,4371,4360,4367,4385,4388,4386,4389,4387,4402,4413,4396,4406,4414,4405,4408,4394,4403,4407,4404,4410,4395,4409,4399,4398,4401,4400,4393,4412,4397,4416,4411,4392,4391],"brands":[],"_links":{"self":[{"href":"https:\/\/stage.shop-cellularswiss.ch\/de\/wp-json\/wp\/v2\/product\/51948"}],"collection":[{"href":"https:\/\/stage.shop-cellularswiss.ch\/de\/wp-json\/wp\/v2\/product"}],"about":[{"href":"https:\/\/stage.shop-cellularswiss.ch\/de\/wp-json\/wp\/v2\/types\/product"}],"replies":[{"embeddable":true,"href":"https:\/\/stage.shop-cellularswiss.ch\/de\/wp-json\/wp\/v2\/comments?post=51948"}],"wp:featuredmedia":[{"embeddable":true,"href":"https:\/\/stage.shop-cellularswiss.ch\/de\/wp-json\/wp\/v2\/media\/55654"}],"wp:attachment":[{"href":"https:\/\/stage.shop-cellularswiss.ch\/de\/wp-json\/wp\/v2\/media?parent=51948"}],"wp:term":[{"taxonomy":"pwb-brand","embeddable":true,"href":"https:\/\/stage.shop-cellularswiss.ch\/de\/wp-json\/wp\/v2\/pwb-brand?post=51948"},{"taxonomy":"product_cat","embeddable":true,"href":"https:\/\/stage.shop-cellularswiss.ch\/de\/wp-json\/wp\/v2\/product_cat?post=51948"},{"taxonomy":"product_tag","embeddable":true,"href":"https:\/\/stage.shop-cellularswiss.ch\/de\/wp-json\/wp\/v2\/product_tag?post=51948"},{"taxonomy":"compatibilite","embeddable":true,"href":"https:\/\/stage.shop-cellularswiss.ch\/de\/wp-json\/wp\/v2\/compatibilite?post=51948"},{"taxonomy":"compatibilite_smartphone","embeddable":true,"href":"https:\/\/stage.shop-cellularswiss.ch\/de\/wp-json\/wp\/v2\/compatibilite_smartphone?post=51948"}],"curies":[{"name":"wp","href":"https:\/\/api.w.org\/{rel}","templated":true}]}}