
{"id":51951,"date":"2021-03-20T11:19:51","date_gmt":"2021-03-20T13:05:30","guid":{"rendered":"https:\/\/stage.shop-cellularswiss.ch\/produit\/magnetic-car-holder-universal\/"},"modified":"2021-03-20T14:05:40","modified_gmt":"2021-03-20T13:05:40","slug":"magnetic-car-holder-universal","status":"publish","type":"product","link":"https:\/\/stage.shop-cellularswiss.ch\/de\/produit\/magnetic-car-holder-universal\/","title":{"rendered":"Magnetic Car Holder &#8211; Universal"},"content":{"rendered":"<p>Magnetic Car Holder #Stylecolor ist die magnetische, bunte und leicht zu verwendende Halterung f\u00fcr das Auto von Cellularline, mit der du dein Telefon w\u00e4hrend der Fahrt immer griffbereit hast. Dank des Universalhakens auf der R\u00fcckseite kann Magnetic Car Holder #Stylecolor an den L\u00fcftungsd\u00fcsen befestigt werden und garantiert die vollst\u00e4ndige Integration zwischen Halterung und Fahrzeug. Die Halterung garantiert einen festen und sicheren Sitz bei gleichzeitigem Zugang den Anschl\u00fcssen, Tasten und Bildschirm. Das selbstklebende Metallpl\u00e4ttchen kann auf der R\u00fcckseite des Telefons, in der Schutzh\u00fclle oder im Akku-Fach angebracht werden.<\/p>\n","protected":false},"excerpt":{"rendered":"<p>Farbenfrohe magnetische Smartphonehalterung f\u00fcr das Auto<\/p>\n","protected":false},"featured_media":55730,"comment_status":"closed","ping_status":"closed","template":"","meta":{"_et_pb_use_builder":"","_et_pb_old_content":"","_et_gb_content_width":""},"pwb-brand":[],"product_cat":[3853,1781],"product_tag":[],"compatibilite":[],"compatibilite_smartphone":[],"brands":[],"_links":{"self":[{"href":"https:\/\/stage.shop-cellularswiss.ch\/de\/wp-json\/wp\/v2\/product\/51951"}],"collection":[{"href":"https:\/\/stage.shop-cellularswiss.ch\/de\/wp-json\/wp\/v2\/product"}],"about":[{"href":"https:\/\/stage.shop-cellularswiss.ch\/de\/wp-json\/wp\/v2\/types\/product"}],"replies":[{"embeddable":true,"href":"https:\/\/stage.shop-cellularswiss.ch\/de\/wp-json\/wp\/v2\/comments?post=51951"}],"wp:featuredmedia":[{"embeddable":true,"href":"https:\/\/stage.shop-cellularswiss.ch\/de\/wp-json\/wp\/v2\/media\/55730"}],"wp:attachment":[{"href":"https:\/\/stage.shop-cellularswiss.ch\/de\/wp-json\/wp\/v2\/media?parent=51951"}],"wp:term":[{"taxonomy":"pwb-brand","embeddable":true,"href":"https:\/\/stage.shop-cellularswiss.ch\/de\/wp-json\/wp\/v2\/pwb-brand?post=51951"},{"taxonomy":"product_cat","embeddable":true,"href":"https:\/\/stage.shop-cellularswiss.ch\/de\/wp-json\/wp\/v2\/product_cat?post=51951"},{"taxonomy":"product_tag","embeddable":true,"href":"https:\/\/stage.shop-cellularswiss.ch\/de\/wp-json\/wp\/v2\/product_tag?post=51951"},{"taxonomy":"compatibilite","embeddable":true,"href":"https:\/\/stage.shop-cellularswiss.ch\/de\/wp-json\/wp\/v2\/compatibilite?post=51951"},{"taxonomy":"compatibilite_smartphone","embeddable":true,"href":"https:\/\/stage.shop-cellularswiss.ch\/de\/wp-json\/wp\/v2\/compatibilite_smartphone?post=51951"}],"curies":[{"name":"wp","href":"https:\/\/api.w.org\/{rel}","templated":true}]}}