
{"id":51963,"date":"2021-03-20T11:20:18","date_gmt":"2021-03-20T13:05:48","guid":{"rendered":"https:\/\/stage.shop-cellularswiss.ch\/produit\/modus-airpods-pro\/"},"modified":"2022-04-07T09:07:28","modified_gmt":"2022-04-07T07:07:28","slug":"modus-airpods-pro","status":"publish","type":"product","link":"https:\/\/stage.shop-cellularswiss.ch\/de\/produit\/modus-airpods-pro\/","title":{"rendered":"Modus &#8211; AirPods Pro"},"content":{"rendered":"<p>Modus ist die elegante L\u00f6sung mit Finish in Lederoptik, welche die Ladeschutzh\u00fclle der AirPods vor Kratzern und beim Herunterfallen sch\u00fctzt. Mit dem praktischen Haken l\u00e4sst sich die H\u00fclle an der Handtasche oder an den G\u00fcrtelschlaufen befestigen. Dank einfachem Zugang zur Steckverbindung und Wireless-Charging-Kompatibilit\u00e4t k\u00f6nnen die AirPods aufgeladen werden, ohne sie aus der H\u00fclle zu nehmen.<\/p>\n","protected":false},"excerpt":{"rendered":"<p>Schutzh\u00fclle in Lederoptik f\u00fcr AirPods mit Haken<\/p>\n","protected":false},"featured_media":62435,"comment_status":"closed","ping_status":"closed","template":"","meta":{"_et_pb_use_builder":"","_et_pb_old_content":"","_et_gb_content_width":""},"pwb-brand":[],"product_cat":[544,542],"product_tag":[],"compatibilite":[],"compatibilite_smartphone":[4464],"brands":[],"_links":{"self":[{"href":"https:\/\/stage.shop-cellularswiss.ch\/de\/wp-json\/wp\/v2\/product\/51963"}],"collection":[{"href":"https:\/\/stage.shop-cellularswiss.ch\/de\/wp-json\/wp\/v2\/product"}],"about":[{"href":"https:\/\/stage.shop-cellularswiss.ch\/de\/wp-json\/wp\/v2\/types\/product"}],"replies":[{"embeddable":true,"href":"https:\/\/stage.shop-cellularswiss.ch\/de\/wp-json\/wp\/v2\/comments?post=51963"}],"wp:featuredmedia":[{"embeddable":true,"href":"https:\/\/stage.shop-cellularswiss.ch\/de\/wp-json\/wp\/v2\/media\/62435"}],"wp:attachment":[{"href":"https:\/\/stage.shop-cellularswiss.ch\/de\/wp-json\/wp\/v2\/media?parent=51963"}],"wp:term":[{"taxonomy":"pwb-brand","embeddable":true,"href":"https:\/\/stage.shop-cellularswiss.ch\/de\/wp-json\/wp\/v2\/pwb-brand?post=51963"},{"taxonomy":"product_cat","embeddable":true,"href":"https:\/\/stage.shop-cellularswiss.ch\/de\/wp-json\/wp\/v2\/product_cat?post=51963"},{"taxonomy":"product_tag","embeddable":true,"href":"https:\/\/stage.shop-cellularswiss.ch\/de\/wp-json\/wp\/v2\/product_tag?post=51963"},{"taxonomy":"compatibilite","embeddable":true,"href":"https:\/\/stage.shop-cellularswiss.ch\/de\/wp-json\/wp\/v2\/compatibilite?post=51963"},{"taxonomy":"compatibilite_smartphone","embeddable":true,"href":"https:\/\/stage.shop-cellularswiss.ch\/de\/wp-json\/wp\/v2\/compatibilite_smartphone?post=51963"}],"curies":[{"name":"wp","href":"https:\/\/api.w.org\/{rel}","templated":true}]}}