
{"id":51964,"date":"2021-03-20T11:20:21","date_gmt":"2021-03-20T13:05:52","guid":{"rendered":"https:\/\/stage.shop-cellularswiss.ch\/produit\/mosquito-universale\/"},"modified":"2022-04-01T13:40:23","modified_gmt":"2022-04-01T11:40:23","slug":"mosquito-universale","status":"publish","type":"product","link":"https:\/\/stage.shop-cellularswiss.ch\/de\/produit\/mosquito-universale\/","title":{"rendered":"Mosquito &#8211; Universale"},"content":{"rendered":"<p>Ultraleichtes In-Ear-Headset mit Mikrofon f\u00fcr ein gro\u00dfartiges H\u00f6rerlebnis. Passen sich mit ergonomischem Ear-Fit-Design perfekt der Ohrform an. Stabil und komfortabel, mit einem klaren, eindrucksvollen Klang und stets gebrauchsbereit dank des Flachkabels, das l\u00e4stige Knoten bei Transport und Benutzung des Headsets vermeidet. Damit ist es noch angenehmer, gute Musik zu h\u00f6ren.<\/p>\n","protected":false},"excerpt":{"rendered":"<p>Die Leichten mit dem sauberen Klang<\/p>\n","protected":false},"featured_media":54802,"comment_status":"closed","ping_status":"closed","template":"","meta":{"_et_pb_use_builder":"","_et_pb_old_content":"","_et_gb_content_width":""},"pwb-brand":[],"product_cat":[493,512],"product_tag":[],"compatibilite":[],"compatibilite_smartphone":[],"brands":[],"_links":{"self":[{"href":"https:\/\/stage.shop-cellularswiss.ch\/de\/wp-json\/wp\/v2\/product\/51964"}],"collection":[{"href":"https:\/\/stage.shop-cellularswiss.ch\/de\/wp-json\/wp\/v2\/product"}],"about":[{"href":"https:\/\/stage.shop-cellularswiss.ch\/de\/wp-json\/wp\/v2\/types\/product"}],"replies":[{"embeddable":true,"href":"https:\/\/stage.shop-cellularswiss.ch\/de\/wp-json\/wp\/v2\/comments?post=51964"}],"wp:featuredmedia":[{"embeddable":true,"href":"https:\/\/stage.shop-cellularswiss.ch\/de\/wp-json\/wp\/v2\/media\/54802"}],"wp:attachment":[{"href":"https:\/\/stage.shop-cellularswiss.ch\/de\/wp-json\/wp\/v2\/media?parent=51964"}],"wp:term":[{"taxonomy":"pwb-brand","embeddable":true,"href":"https:\/\/stage.shop-cellularswiss.ch\/de\/wp-json\/wp\/v2\/pwb-brand?post=51964"},{"taxonomy":"product_cat","embeddable":true,"href":"https:\/\/stage.shop-cellularswiss.ch\/de\/wp-json\/wp\/v2\/product_cat?post=51964"},{"taxonomy":"product_tag","embeddable":true,"href":"https:\/\/stage.shop-cellularswiss.ch\/de\/wp-json\/wp\/v2\/product_tag?post=51964"},{"taxonomy":"compatibilite","embeddable":true,"href":"https:\/\/stage.shop-cellularswiss.ch\/de\/wp-json\/wp\/v2\/compatibilite?post=51964"},{"taxonomy":"compatibilite_smartphone","embeddable":true,"href":"https:\/\/stage.shop-cellularswiss.ch\/de\/wp-json\/wp\/v2\/compatibilite_smartphone?post=51964"}],"curies":[{"name":"wp","href":"https:\/\/api.w.org\/{rel}","templated":true}]}}