
{"id":51969,"date":"2021-03-20T11:20:32","date_gmt":"2021-03-20T13:05:58","guid":{"rendered":"https:\/\/stage.shop-cellularswiss.ch\/produit\/multipack-micro-usb\/"},"modified":"2021-03-20T14:06:02","modified_gmt":"2021-03-20T13:06:02","slug":"multipack-micro-usb","status":"publish","type":"product","link":"https:\/\/stage.shop-cellularswiss.ch\/de\/produit\/multipack-micro-usb\/","title":{"rendered":"Multipack &#8211; MICRO USB"},"content":{"rendered":"<p>Kit mit 3 MICRO-USB-Kabeln zum Laden und f\u00fcr die Datensynchronisierung von Ger\u00e4ten mit MICRO-USB-Buchse. Kabel in 3 verschiedenen L\u00e4ngen erh\u00e4ltlich: 15 cm, ideal f\u00fcr Power Bank und Laptop; Standardl\u00e4nge mit 120 cm; 200 cm, perfekt f\u00fcr weiter entfernte Steckdosen.<\/p>\n","protected":false},"excerpt":{"rendered":"<p>Multipack 3 Kabel \u2013 MICRO-USB<\/p>\n","protected":false},"featured_media":40006,"comment_status":"closed","ping_status":"closed","template":"","meta":{"_et_pb_use_builder":"","_et_pb_old_content":"","_et_gb_content_width":""},"pwb-brand":[],"product_cat":[3863,1781],"product_tag":[],"compatibilite":[],"compatibilite_smartphone":[4388,4386],"brands":[],"_links":{"self":[{"href":"https:\/\/stage.shop-cellularswiss.ch\/de\/wp-json\/wp\/v2\/product\/51969"}],"collection":[{"href":"https:\/\/stage.shop-cellularswiss.ch\/de\/wp-json\/wp\/v2\/product"}],"about":[{"href":"https:\/\/stage.shop-cellularswiss.ch\/de\/wp-json\/wp\/v2\/types\/product"}],"replies":[{"embeddable":true,"href":"https:\/\/stage.shop-cellularswiss.ch\/de\/wp-json\/wp\/v2\/comments?post=51969"}],"wp:featuredmedia":[{"embeddable":true,"href":"https:\/\/stage.shop-cellularswiss.ch\/de\/wp-json\/wp\/v2\/media\/40006"}],"wp:attachment":[{"href":"https:\/\/stage.shop-cellularswiss.ch\/de\/wp-json\/wp\/v2\/media?parent=51969"}],"wp:term":[{"taxonomy":"pwb-brand","embeddable":true,"href":"https:\/\/stage.shop-cellularswiss.ch\/de\/wp-json\/wp\/v2\/pwb-brand?post=51969"},{"taxonomy":"product_cat","embeddable":true,"href":"https:\/\/stage.shop-cellularswiss.ch\/de\/wp-json\/wp\/v2\/product_cat?post=51969"},{"taxonomy":"product_tag","embeddable":true,"href":"https:\/\/stage.shop-cellularswiss.ch\/de\/wp-json\/wp\/v2\/product_tag?post=51969"},{"taxonomy":"compatibilite","embeddable":true,"href":"https:\/\/stage.shop-cellularswiss.ch\/de\/wp-json\/wp\/v2\/compatibilite?post=51969"},{"taxonomy":"compatibilite_smartphone","embeddable":true,"href":"https:\/\/stage.shop-cellularswiss.ch\/de\/wp-json\/wp\/v2\/compatibilite_smartphone?post=51969"}],"curies":[{"name":"wp","href":"https:\/\/api.w.org\/{rel}","templated":true}]}}