
{"id":51973,"date":"2021-03-20T11:20:41","date_gmt":"2021-03-20T13:06:04","guid":{"rendered":"https:\/\/stage.shop-cellularswiss.ch\/?post_type=product&#038;p=51973"},"modified":"2021-03-20T14:06:10","modified_gmt":"2021-03-20T13:06:10","slug":"multipower-2-combo-macbook-and-iphone","status":"publish","type":"product","link":"https:\/\/stage.shop-cellularswiss.ch\/de\/produit\/multipower-2-combo-macbook-and-iphone\/","title":{"rendered":"MULTIPOWER 2 COMBO &#8211; MacBook and iPhone"},"content":{"rendered":"<p>MULTIPOWER 2 COMBO ist das Akkuladeger\u00e4t, mit dem Sie Ihr MacBook und iPhone gleichzeitig aufgeladen k\u00f6nnen. Der USB-C-Port mit 30 W erlaubt das Aufladen von MacBook und MacBook Air mit USB-C-Port. Er aktiviert auch die Schnellladung f\u00fcr iPhone 8 und sp\u00e4tere Modelle und iPad Pro (2018 und sp\u00e4ter). \u00dcber den USB-Port k\u00f6nnen Sie alle anderen iPhone- und iPad-Modelle mit voller Geschwindigkeit aufladen.<\/p>\n","protected":false},"excerpt":{"rendered":"<p>Akkuladeger\u00e4t f\u00fcr Laptops mit USB-C-Port und Smartphones, 42 W<\/p>\n","protected":false},"featured_media":62788,"comment_status":"closed","ping_status":"closed","template":"","meta":{"_et_pb_use_builder":"","_et_pb_old_content":"","_et_gb_content_width":""},"pwb-brand":[],"product_cat":[1781,1784],"product_tag":[],"compatibilite":[],"compatibilite_smartphone":[4384,4443,4417,4419,4420,4418,4437,4439,4438,4446,4442,4445,4444,4359,4377,4364,4379,4353,4372,4449,4447,4380,4362,4440,4358,4435,4433,4434,4466,4467,4386,4390,4402,4396,4406,4414,4405,4408,4394,4403,4407,4404,4410,4395,4422,4409,4398,4423,4401,4400,4431,4425,4424,4429,4430,4393,4412,4397,4411,4426,4392,4391],"brands":[],"_links":{"self":[{"href":"https:\/\/stage.shop-cellularswiss.ch\/de\/wp-json\/wp\/v2\/product\/51973"}],"collection":[{"href":"https:\/\/stage.shop-cellularswiss.ch\/de\/wp-json\/wp\/v2\/product"}],"about":[{"href":"https:\/\/stage.shop-cellularswiss.ch\/de\/wp-json\/wp\/v2\/types\/product"}],"replies":[{"embeddable":true,"href":"https:\/\/stage.shop-cellularswiss.ch\/de\/wp-json\/wp\/v2\/comments?post=51973"}],"wp:featuredmedia":[{"embeddable":true,"href":"https:\/\/stage.shop-cellularswiss.ch\/de\/wp-json\/wp\/v2\/media\/62788"}],"wp:attachment":[{"href":"https:\/\/stage.shop-cellularswiss.ch\/de\/wp-json\/wp\/v2\/media?parent=51973"}],"wp:term":[{"taxonomy":"pwb-brand","embeddable":true,"href":"https:\/\/stage.shop-cellularswiss.ch\/de\/wp-json\/wp\/v2\/pwb-brand?post=51973"},{"taxonomy":"product_cat","embeddable":true,"href":"https:\/\/stage.shop-cellularswiss.ch\/de\/wp-json\/wp\/v2\/product_cat?post=51973"},{"taxonomy":"product_tag","embeddable":true,"href":"https:\/\/stage.shop-cellularswiss.ch\/de\/wp-json\/wp\/v2\/product_tag?post=51973"},{"taxonomy":"compatibilite","embeddable":true,"href":"https:\/\/stage.shop-cellularswiss.ch\/de\/wp-json\/wp\/v2\/compatibilite?post=51973"},{"taxonomy":"compatibilite_smartphone","embeddable":true,"href":"https:\/\/stage.shop-cellularswiss.ch\/de\/wp-json\/wp\/v2\/compatibilite_smartphone?post=51973"}],"curies":[{"name":"wp","href":"https:\/\/api.w.org\/{rel}","templated":true}]}}