
{"id":51975,"date":"2021-03-20T11:20:47","date_gmt":"2021-03-20T13:06:09","guid":{"rendered":"https:\/\/stage.shop-cellularswiss.ch\/produit\/multipower-2-pro-iphone-samsung-huawei-and-other-smartphones-and-tablets\/"},"modified":"2021-03-23T21:52:04","modified_gmt":"2021-03-23T20:52:04","slug":"multipower-2-pro-iphone-samsung-huawei-and-other-smartphones-and-tablets","status":"publish","type":"product","link":"https:\/\/stage.shop-cellularswiss.ch\/de\/produit\/multipower-2-pro-iphone-samsung-huawei-and-other-smartphones-and-tablets\/","title":{"rendered":"Multipower 2 PRO &#8211; iPhone, Samsung, Huawei and other Smartphones and Tablets"},"content":{"rendered":"<p>MULTIPOWER 2 PRO ist das Netzladeger\u00e4t, das f\u00fcr diejenigen entwickelt wurde, die mehrere Ger\u00e4te gleichzeitig laden m\u00fcssen. Das Ladeger\u00e4t mit elegantem und kompaktem Design erm\u00f6glicht es, dank der 2 USB-Ports, zwei Ger\u00e4te gleichzeitig mit einer einzigen Steckdose zu laden.Mit der innovativen Smartphone Detect-Technologie ausgestattet, erkennt Multipower 2 PRO die angeschlossenen Ger\u00e4te und gibt die richtige Ladung in absoluter Sicherheit ab und garantiert dabei die fortschrittlichste Ladeleistung auch f\u00fcr Ger\u00e4te, die mit der 9 V\/2 A Fast Charging*-, Adaptive Fast Charge-, Qualcomm\u00ae Quick ChargeTM-Technologie kompatibel sind.Die beiden Ports sind f\u00fcr eine Leistung von jeweils 12W und 18W sowie eine Gesamtleistung von 30W ausgerichtet.*Keine Gew\u00e4hrleistung der Schnellladung f\u00fcr Huawei-Ger\u00e4te, die mit der \u201eSuperCharge\u201c-Technologie kompatibel sind. Es gibt keinerlei Abmachung, Lizenz oder Verbindung zwischen Cellularline S.p.A. und den in den Texten und Bildern dieser Website angegebenen Markeninhabern und Namen. Alle Telefonmarken, -namen und -modelle sind Eigentum der jeweiligen Inhaber. Qualcomm is a trademark of Qualcomm Incorporated, registered in the United States and other countries. Quick Charge is a trademark of Qualcomm Incorporated. Qualcomm Quick Charge is a product of Qualcomm Technologies, Inc. and\/or its subsidiaries.<\/p>\n","protected":false},"excerpt":{"rendered":"<p>Schnelles Netzladeger\u00e4t mit zwei Ports, 30W<\/p>\n","protected":false},"featured_media":62796,"comment_status":"closed","ping_status":"closed","template":"","meta":{"_et_pb_use_builder":"","_et_pb_old_content":"","_et_gb_content_width":""},"pwb-brand":[],"product_cat":[4540,1781,1784],"product_tag":[],"compatibilite":[],"compatibilite_smartphone":[4366,4354,4365,4376,4436,4355,4383,4441,4357,4368,4373,4381,4382,4361,4450,4437,4359,4377,4364,4379,4353,4374,4372,4449,4447,4448,4440,4435,4433,4434,4367,4465,4388,4386,4387,4390,4402,4406,4414,4405,4403,4407,4395,4409,4398,4427,4428,4423,4401,4400,4397,4416,4392,4391],"brands":[],"_links":{"self":[{"href":"https:\/\/stage.shop-cellularswiss.ch\/de\/wp-json\/wp\/v2\/product\/51975"}],"collection":[{"href":"https:\/\/stage.shop-cellularswiss.ch\/de\/wp-json\/wp\/v2\/product"}],"about":[{"href":"https:\/\/stage.shop-cellularswiss.ch\/de\/wp-json\/wp\/v2\/types\/product"}],"replies":[{"embeddable":true,"href":"https:\/\/stage.shop-cellularswiss.ch\/de\/wp-json\/wp\/v2\/comments?post=51975"}],"wp:featuredmedia":[{"embeddable":true,"href":"https:\/\/stage.shop-cellularswiss.ch\/de\/wp-json\/wp\/v2\/media\/62796"}],"wp:attachment":[{"href":"https:\/\/stage.shop-cellularswiss.ch\/de\/wp-json\/wp\/v2\/media?parent=51975"}],"wp:term":[{"taxonomy":"pwb-brand","embeddable":true,"href":"https:\/\/stage.shop-cellularswiss.ch\/de\/wp-json\/wp\/v2\/pwb-brand?post=51975"},{"taxonomy":"product_cat","embeddable":true,"href":"https:\/\/stage.shop-cellularswiss.ch\/de\/wp-json\/wp\/v2\/product_cat?post=51975"},{"taxonomy":"product_tag","embeddable":true,"href":"https:\/\/stage.shop-cellularswiss.ch\/de\/wp-json\/wp\/v2\/product_tag?post=51975"},{"taxonomy":"compatibilite","embeddable":true,"href":"https:\/\/stage.shop-cellularswiss.ch\/de\/wp-json\/wp\/v2\/compatibilite?post=51975"},{"taxonomy":"compatibilite_smartphone","embeddable":true,"href":"https:\/\/stage.shop-cellularswiss.ch\/de\/wp-json\/wp\/v2\/compatibilite_smartphone?post=51975"}],"curies":[{"name":"wp","href":"https:\/\/api.w.org\/{rel}","templated":true}]}}