
{"id":51978,"date":"2021-03-20T14:06:18","date_gmt":"2021-03-20T13:06:18","guid":{"rendered":"https:\/\/stage.shop-cellularswiss.ch\/produit\/multipower-5-fast-macbook-iphone-samsung-huawei-and-other-smartphones-and-tablets\/"},"modified":"2022-04-07T09:07:28","modified_gmt":"2022-04-07T07:07:28","slug":"multipower-5-fast-macbook-iphone-samsung-huawei-and-other-smartphones-and-tablets","status":"publish","type":"product","link":"https:\/\/stage.shop-cellularswiss.ch\/de\/produit\/multipower-5-fast-macbook-iphone-samsung-huawei-and-other-smartphones-and-tablets\/","title":{"rendered":"Multipower 5 Fast+ &#8211; MacBook, iPhone, Samsung, Huawei and other Smartphones and Tablets"},"content":{"rendered":"<p>MULTIPOWER 5 FAST+ ist das Netzladeger\u00e4t mit 5 Ports (USB-C und USB) zum gleichzeitigen Laden von bis zu f\u00fcnf Ger\u00e4ten, einschlie\u00dflich Ihres MacBook. Dank der Device Detect-Technologie erkennt jeder Port die angeschlossenen Ger\u00e4te und aktiviert den richtigen Ladewert, um jedes Ger\u00e4t sicher zu laden. Der USB-C-Port mit 30W ist f\u00fcr MacBook und MacBook Air 13&#8220; ausgelegt und erm\u00f6glicht das schnelle Laden von iPhone 11 Pro, iPhone 11 Pro Max und iPhone 8 und nachfolgende sowie iPad Pro (2018 und sp\u00e4ter) Der adaptive USB-Port hingegen erlaubt das schnelle Laden von Ger\u00e4ten, die mit der 9V2A Fast Charging*, Adaptive Fast Charge oder Qualcomm\u00ae Quick Charge\u2122 Technologie kompatibel sind. Es gibt keinerlei Abmachung, Lizenz oder Verbindung zwischen Cellularline S.p.A. und den in den Texten und Bildern dieser Website angegebenen Markeninhabern und Namen. Alle Telefonmarken, -namen und -modelle sind Eigentum der jeweiligen Inhaber. Qualcomm is a trademark of Qualcomm Incorporated, registered in the United States and other countries. Quick Charge is a trademark of Qualcomm Incorporated. Qualcomm Quick Charge is a product of Qualcomm Technologies, Inc. and\/or its subsidiaries.<\/p>\n","protected":false},"excerpt":{"rendered":"<p>Schnelles Netzladeger\u00e4t mit 5 Ports, 60W<\/p>\n","protected":false},"featured_media":48225,"comment_status":"closed","ping_status":"open","template":"","meta":{"_et_pb_use_builder":"","_et_pb_old_content":"","_et_gb_content_width":""},"pwb-brand":[],"product_cat":[1781,1784],"product_tag":[],"compatibilite":[],"compatibilite_smartphone":[4384,4443,4417,4419,4420,4418,4437,4439,4438,4446,4442,4445,4444,4359,4377,4364,4379,4353,4372,4449,4447,4380,4362,4440,4358,4435,4433,4434,4466,4467,4386,4390,4402,4396,4406,4414,4405,4408,4394,4403,4407,4404,4410,4395,4422,4409,4398,4423,4401,4400,4431,4425,4424,4429,4430,4393,4412,4397,4411,4426,4392,4391],"brands":[],"_links":{"self":[{"href":"https:\/\/stage.shop-cellularswiss.ch\/de\/wp-json\/wp\/v2\/product\/51978"}],"collection":[{"href":"https:\/\/stage.shop-cellularswiss.ch\/de\/wp-json\/wp\/v2\/product"}],"about":[{"href":"https:\/\/stage.shop-cellularswiss.ch\/de\/wp-json\/wp\/v2\/types\/product"}],"replies":[{"embeddable":true,"href":"https:\/\/stage.shop-cellularswiss.ch\/de\/wp-json\/wp\/v2\/comments?post=51978"}],"wp:featuredmedia":[{"embeddable":true,"href":"https:\/\/stage.shop-cellularswiss.ch\/de\/wp-json\/wp\/v2\/media\/48225"}],"wp:attachment":[{"href":"https:\/\/stage.shop-cellularswiss.ch\/de\/wp-json\/wp\/v2\/media?parent=51978"}],"wp:term":[{"taxonomy":"pwb-brand","embeddable":true,"href":"https:\/\/stage.shop-cellularswiss.ch\/de\/wp-json\/wp\/v2\/pwb-brand?post=51978"},{"taxonomy":"product_cat","embeddable":true,"href":"https:\/\/stage.shop-cellularswiss.ch\/de\/wp-json\/wp\/v2\/product_cat?post=51978"},{"taxonomy":"product_tag","embeddable":true,"href":"https:\/\/stage.shop-cellularswiss.ch\/de\/wp-json\/wp\/v2\/product_tag?post=51978"},{"taxonomy":"compatibilite","embeddable":true,"href":"https:\/\/stage.shop-cellularswiss.ch\/de\/wp-json\/wp\/v2\/compatibilite?post=51978"},{"taxonomy":"compatibilite_smartphone","embeddable":true,"href":"https:\/\/stage.shop-cellularswiss.ch\/de\/wp-json\/wp\/v2\/compatibilite_smartphone?post=51978"}],"curies":[{"name":"wp","href":"https:\/\/api.w.org\/{rel}","templated":true}]}}