
{"id":51979,"date":"2021-03-20T11:20:58","date_gmt":"2021-03-20T13:06:18","guid":{"rendered":"https:\/\/stage.shop-cellularswiss.ch\/produit\/muscle-universale\/"},"modified":"2021-03-20T14:06:26","modified_gmt":"2021-03-20T13:06:26","slug":"muscle-universale","status":"publish","type":"product","link":"https:\/\/stage.shop-cellularswiss.ch\/de\/produit\/muscle-universale\/","title":{"rendered":"Muscle &#8211; Universale"},"content":{"rendered":"<p>Der ideale Bluetooth\u00ae-Lautsprecher f\u00fcr alle, die gerne Musik mit klarem und harmonischem Klang ohne Verzerrungen h\u00f6ren m\u00f6chten. Muscle garantiert eine optimale Klangqualit\u00e4t auch bei hoher Lautst\u00e4rke. Er gibt auch tiefe T\u00f6ne auf pr\u00e4zise und definierte Weise wieder. Der gl\u00e4nzende Rahmen mit der Soft-Touch-Gummierung machen diesen Lautsprecher zu einem Accessoire mit einem ausgesuchten Design, das dank des praktischen Hakens auf der R\u00fcckseite leicht zu transportieren ist. Ideal zum Musikh\u00f6ren in jeder Umgebung. Der Lautsprecher des Modells Muscle ist in zwei verschiedenen Farbt\u00f6nen verf\u00fcgbar und verf\u00fcgt \u00fcber eine Freisprechfunktion, dank der man auch auf dem Smartphone ankommende Anrufe annehmen kann. Dar\u00fcber hinaus ist er regen- und spritzwasserfest, da er \u00fcber die IPX6-Zertifizierung verf\u00fcgt.<\/p>\n","protected":false},"excerpt":{"rendered":"<p>Lautsprecher Bluetooth\u00ae<\/p>\n","protected":false},"featured_media":56194,"comment_status":"closed","ping_status":"closed","template":"","meta":{"_et_pb_use_builder":"","_et_pb_old_content":"","_et_gb_content_width":""},"pwb-brand":[],"product_cat":[472,484],"product_tag":[],"compatibilite":[],"compatibilite_smartphone":[4366,4384,4363,4370,4354,4365,4375,4376,4436,4443,4383,4441,4373,4381,4417,4419,4382,4420,4361,4418,4450,4437,4439,4438,4446,4442,4445,4444,4378,4356,4359,4377,4364,4379,4353,4374,4372,4449,4447,4380,4362,4448,4440,4358,4435,4433,4434,4367,4385,4388,4386,4389,4387,4421,4390,4415,4402,4413,4396,4406,4414,4405,4408,4394,4403,4407,4404,4410,4395,4422,4409,4399,4427,4428,4423,4401,4400,4431,4425,4424,4429,4430,4393,4412,4397,4416,4411,4426,4392,4391],"brands":[],"_links":{"self":[{"href":"https:\/\/stage.shop-cellularswiss.ch\/de\/wp-json\/wp\/v2\/product\/51979"}],"collection":[{"href":"https:\/\/stage.shop-cellularswiss.ch\/de\/wp-json\/wp\/v2\/product"}],"about":[{"href":"https:\/\/stage.shop-cellularswiss.ch\/de\/wp-json\/wp\/v2\/types\/product"}],"replies":[{"embeddable":true,"href":"https:\/\/stage.shop-cellularswiss.ch\/de\/wp-json\/wp\/v2\/comments?post=51979"}],"wp:featuredmedia":[{"embeddable":true,"href":"https:\/\/stage.shop-cellularswiss.ch\/de\/wp-json\/wp\/v2\/media\/56194"}],"wp:attachment":[{"href":"https:\/\/stage.shop-cellularswiss.ch\/de\/wp-json\/wp\/v2\/media?parent=51979"}],"wp:term":[{"taxonomy":"pwb-brand","embeddable":true,"href":"https:\/\/stage.shop-cellularswiss.ch\/de\/wp-json\/wp\/v2\/pwb-brand?post=51979"},{"taxonomy":"product_cat","embeddable":true,"href":"https:\/\/stage.shop-cellularswiss.ch\/de\/wp-json\/wp\/v2\/product_cat?post=51979"},{"taxonomy":"product_tag","embeddable":true,"href":"https:\/\/stage.shop-cellularswiss.ch\/de\/wp-json\/wp\/v2\/product_tag?post=51979"},{"taxonomy":"compatibilite","embeddable":true,"href":"https:\/\/stage.shop-cellularswiss.ch\/de\/wp-json\/wp\/v2\/compatibilite?post=51979"},{"taxonomy":"compatibilite_smartphone","embeddable":true,"href":"https:\/\/stage.shop-cellularswiss.ch\/de\/wp-json\/wp\/v2\/compatibilite_smartphone?post=51979"}],"curies":[{"name":"wp","href":"https:\/\/api.w.org\/{rel}","templated":true}]}}