
{"id":51982,"date":"2021-03-20T11:21:04","date_gmt":"2021-03-20T13:06:25","guid":{"rendered":"https:\/\/stage.shop-cellularswiss.ch\/produit\/music-cap-bluetooth-universale\/"},"modified":"2021-03-20T14:06:29","modified_gmt":"2021-03-20T13:06:29","slug":"music-cap-bluetooth-universale","status":"publish","type":"product","link":"https:\/\/stage.shop-cellularswiss.ch\/de\/produit\/music-cap-bluetooth-universale\/","title":{"rendered":"Music Cap Bluetooth &#8211; Universale"},"content":{"rendered":"<p>Music Cap ist die M\u00fctze mit integriertem Stereo-Headset mit Bluetooth\u00ae-Technik, mit der du Musik h\u00f6ren und Telefongespr\u00e4che f\u00fchren kannst, ohne einen kalten Kopf zu bekommen. Warm und trendig, verf\u00fcgt die Music Cap \u00fcber Tasten am B\u00fcgel, mit deinen man Telefonate annehmen und die Lautst\u00e4rke einstellen und Lieder mit einem einfachen Fingerdruck anw\u00e4hlen kann.<\/p>\n","protected":false},"excerpt":{"rendered":"<p>M\u00fctze mit integrierten Bluetooth\u00ae-Stereo-Kopfh\u00f6rern<\/p>\n","protected":false},"featured_media":54534,"comment_status":"closed","ping_status":"closed","template":"","meta":{"_et_pb_use_builder":"","_et_pb_old_content":"","_et_gb_content_width":""},"pwb-brand":[],"product_cat":[493,509],"product_tag":[],"compatibilite":[],"compatibilite_smartphone":[],"brands":[],"_links":{"self":[{"href":"https:\/\/stage.shop-cellularswiss.ch\/de\/wp-json\/wp\/v2\/product\/51982"}],"collection":[{"href":"https:\/\/stage.shop-cellularswiss.ch\/de\/wp-json\/wp\/v2\/product"}],"about":[{"href":"https:\/\/stage.shop-cellularswiss.ch\/de\/wp-json\/wp\/v2\/types\/product"}],"replies":[{"embeddable":true,"href":"https:\/\/stage.shop-cellularswiss.ch\/de\/wp-json\/wp\/v2\/comments?post=51982"}],"wp:featuredmedia":[{"embeddable":true,"href":"https:\/\/stage.shop-cellularswiss.ch\/de\/wp-json\/wp\/v2\/media\/54534"}],"wp:attachment":[{"href":"https:\/\/stage.shop-cellularswiss.ch\/de\/wp-json\/wp\/v2\/media?parent=51982"}],"wp:term":[{"taxonomy":"pwb-brand","embeddable":true,"href":"https:\/\/stage.shop-cellularswiss.ch\/de\/wp-json\/wp\/v2\/pwb-brand?post=51982"},{"taxonomy":"product_cat","embeddable":true,"href":"https:\/\/stage.shop-cellularswiss.ch\/de\/wp-json\/wp\/v2\/product_cat?post=51982"},{"taxonomy":"product_tag","embeddable":true,"href":"https:\/\/stage.shop-cellularswiss.ch\/de\/wp-json\/wp\/v2\/product_tag?post=51982"},{"taxonomy":"compatibilite","embeddable":true,"href":"https:\/\/stage.shop-cellularswiss.ch\/de\/wp-json\/wp\/v2\/compatibilite?post=51982"},{"taxonomy":"compatibilite_smartphone","embeddable":true,"href":"https:\/\/stage.shop-cellularswiss.ch\/de\/wp-json\/wp\/v2\/compatibilite_smartphone?post=51982"}],"curies":[{"name":"wp","href":"https:\/\/api.w.org\/{rel}","templated":true}]}}