
{"id":51986,"date":"2021-03-20T14:06:31","date_gmt":"2021-03-20T13:06:31","guid":{"rendered":"https:\/\/stage.shop-cellularswiss.ch\/produit\/music-enabler-l-mfi\/"},"modified":"2021-03-20T14:06:33","modified_gmt":"2021-03-20T13:06:33","slug":"music-enabler-l-mfi","status":"publish","type":"product","link":"https:\/\/stage.shop-cellularswiss.ch\/de\/produit\/music-enabler-l-mfi\/","title":{"rendered":"MUSIC ENABLER L MFI"},"content":{"rendered":"<p>Music Enabler L MFI ist ein kleiner und praktischer Audioadapter mit Lightning-Stecker (von Apple zertifiziert); er eignet sich ideal f\u00fcr den Anschluss Ihres Headsets oder Kopfh\u00f6rers mit 3,5-mm-Buchse an die neuen Iphones. Dank der Form und seiner kompakten Abmessungen l\u00e4sst es sich \u00fcberall hin mitnehmen und bei jeder Gelegenheit verwenden.<\/p>\n","protected":false},"excerpt":{"rendered":"<p>Audio-Adapter f\u00fcr 3,5-mm-Buchse mit Lightning-Stecker f\u00fcr Apple-Produkte<\/p>\n","protected":false},"featured_media":37968,"comment_status":"closed","ping_status":"open","template":"","meta":{"_et_pb_use_builder":"","_et_pb_old_content":"","_et_gb_content_width":""},"pwb-brand":[],"product_cat":[1789,493],"product_tag":[],"compatibilite":[],"compatibilite_smartphone":[4366,4365,4375,4376,4443,4355,4357,4368,4373,4451,4381,4417,4419,4382,4418,4437,4439,4438,4446,4442,4445,4444,4359,4377,4364,4379,4353,4374,4372,4449,4447,4380,4362,4448,4440,4358,4435,4433,4434],"brands":[],"_links":{"self":[{"href":"https:\/\/stage.shop-cellularswiss.ch\/de\/wp-json\/wp\/v2\/product\/51986"}],"collection":[{"href":"https:\/\/stage.shop-cellularswiss.ch\/de\/wp-json\/wp\/v2\/product"}],"about":[{"href":"https:\/\/stage.shop-cellularswiss.ch\/de\/wp-json\/wp\/v2\/types\/product"}],"replies":[{"embeddable":true,"href":"https:\/\/stage.shop-cellularswiss.ch\/de\/wp-json\/wp\/v2\/comments?post=51986"}],"wp:featuredmedia":[{"embeddable":true,"href":"https:\/\/stage.shop-cellularswiss.ch\/de\/wp-json\/wp\/v2\/media\/37968"}],"wp:attachment":[{"href":"https:\/\/stage.shop-cellularswiss.ch\/de\/wp-json\/wp\/v2\/media?parent=51986"}],"wp:term":[{"taxonomy":"pwb-brand","embeddable":true,"href":"https:\/\/stage.shop-cellularswiss.ch\/de\/wp-json\/wp\/v2\/pwb-brand?post=51986"},{"taxonomy":"product_cat","embeddable":true,"href":"https:\/\/stage.shop-cellularswiss.ch\/de\/wp-json\/wp\/v2\/product_cat?post=51986"},{"taxonomy":"product_tag","embeddable":true,"href":"https:\/\/stage.shop-cellularswiss.ch\/de\/wp-json\/wp\/v2\/product_tag?post=51986"},{"taxonomy":"compatibilite","embeddable":true,"href":"https:\/\/stage.shop-cellularswiss.ch\/de\/wp-json\/wp\/v2\/compatibilite?post=51986"},{"taxonomy":"compatibilite_smartphone","embeddable":true,"href":"https:\/\/stage.shop-cellularswiss.ch\/de\/wp-json\/wp\/v2\/compatibilite_smartphone?post=51986"}],"curies":[{"name":"wp","href":"https:\/\/api.w.org\/{rel}","templated":true}]}}