
{"id":51989,"date":"2021-03-20T11:21:21","date_gmt":"2021-03-20T13:06:34","guid":{"rendered":"https:\/\/stage.shop-cellularswiss.ch\/produit\/music-scarf-bluetooth-universale\/"},"modified":"2021-03-20T14:06:38","modified_gmt":"2021-03-20T13:06:38","slug":"music-scarf-bluetooth-universale","status":"publish","type":"product","link":"https:\/\/stage.shop-cellularswiss.ch\/de\/produit\/music-scarf-bluetooth-universale\/","title":{"rendered":"Music Scarf Bluetooth &#8211; Universale"},"content":{"rendered":"<p>Music Scarf ist der Schal, der sich mit dem Smartphone \u00fcber Bluetooth\u00ae-Technologie verbindet und mit dem du Musik h\u00f6ren und Telefongespr\u00e4che f\u00fchren und dich gleichzeitig vor der K\u00e4lte sch\u00fctzen kannst. Er verf\u00fcgt \u00fcber ein bequemes Headset mit herausziehbarem Kabel, das du bei Nichtgebrauch in die daf\u00fcr vorgesehene Tasche stecken kannst. \u00dcber die Multifunktionstaste mit integriertem Mikrofon kannst du die abgespielten Lieder leicht ausw\u00e4hlen, die Lautst\u00e4rke einstellen und eingehende Anrufe annehmen. Zum Waschen kann das Headset entfernt werden. Auch im Winter wird Musikh\u00f6ren zum Genuss!<\/p>\n","protected":false},"excerpt":{"rendered":"<p>Schal mit integriertem Bluetooth\u00ae-Stereo-Headset<\/p>\n","protected":false},"featured_media":54530,"comment_status":"closed","ping_status":"closed","template":"","meta":{"_et_pb_use_builder":"","_et_pb_old_content":"","_et_gb_content_width":""},"pwb-brand":[],"product_cat":[493,509],"product_tag":[],"compatibilite":[],"compatibilite_smartphone":[],"brands":[],"_links":{"self":[{"href":"https:\/\/stage.shop-cellularswiss.ch\/de\/wp-json\/wp\/v2\/product\/51989"}],"collection":[{"href":"https:\/\/stage.shop-cellularswiss.ch\/de\/wp-json\/wp\/v2\/product"}],"about":[{"href":"https:\/\/stage.shop-cellularswiss.ch\/de\/wp-json\/wp\/v2\/types\/product"}],"replies":[{"embeddable":true,"href":"https:\/\/stage.shop-cellularswiss.ch\/de\/wp-json\/wp\/v2\/comments?post=51989"}],"wp:featuredmedia":[{"embeddable":true,"href":"https:\/\/stage.shop-cellularswiss.ch\/de\/wp-json\/wp\/v2\/media\/54530"}],"wp:attachment":[{"href":"https:\/\/stage.shop-cellularswiss.ch\/de\/wp-json\/wp\/v2\/media?parent=51989"}],"wp:term":[{"taxonomy":"pwb-brand","embeddable":true,"href":"https:\/\/stage.shop-cellularswiss.ch\/de\/wp-json\/wp\/v2\/pwb-brand?post=51989"},{"taxonomy":"product_cat","embeddable":true,"href":"https:\/\/stage.shop-cellularswiss.ch\/de\/wp-json\/wp\/v2\/product_cat?post=51989"},{"taxonomy":"product_tag","embeddable":true,"href":"https:\/\/stage.shop-cellularswiss.ch\/de\/wp-json\/wp\/v2\/product_tag?post=51989"},{"taxonomy":"compatibilite","embeddable":true,"href":"https:\/\/stage.shop-cellularswiss.ch\/de\/wp-json\/wp\/v2\/compatibilite?post=51989"},{"taxonomy":"compatibilite_smartphone","embeddable":true,"href":"https:\/\/stage.shop-cellularswiss.ch\/de\/wp-json\/wp\/v2\/compatibilite_smartphone?post=51989"}],"curies":[{"name":"wp","href":"https:\/\/api.w.org\/{rel}","templated":true}]}}