
{"id":51994,"date":"2021-03-20T11:21:32","date_gmt":"2021-03-20T13:06:44","guid":{"rendered":"https:\/\/stage.shop-cellularswiss.ch\/produit\/music-sound-earphones-capsule-universale\/"},"modified":"2021-03-20T14:06:52","modified_gmt":"2021-03-20T13:06:52","slug":"music-sound-earphones-capsule-universale","status":"publish","type":"product","link":"https:\/\/stage.shop-cellularswiss.ch\/de\/produit\/music-sound-earphones-capsule-universale\/","title":{"rendered":"MUSIC SOUND EARPHONES CAPSULE &#8211; UNIVERSALE"},"content":{"rendered":"<p>Mit diesen Headsets k\u00f6nnen Sie Ihre Lieblingstracks anh\u00f6ren. Dank des Mikrofons mit integrierter Rufannahmetaste k\u00f6nnen Sie Ihre Gespr\u00e4che extrem leicht f\u00fchren.<\/p>\n","protected":false},"excerpt":{"rendered":"<p>Headset mit Kapseldesign und Mikrofon<\/p>\n","protected":false},"featured_media":47318,"comment_status":"closed","ping_status":"closed","template":"","meta":{"_et_pb_use_builder":"","_et_pb_old_content":"","_et_gb_content_width":""},"pwb-brand":[],"product_cat":[472,489],"product_tag":[],"compatibilite":[],"compatibilite_smartphone":[4366,4384,4365,4385,4388,4386,4389,4387,4402,4413,4406,4414,4405,4408,4403,4407,4404,4410,4409,4401,4400,4393,4397,4416,4411,4392,4391],"brands":[],"_links":{"self":[{"href":"https:\/\/stage.shop-cellularswiss.ch\/de\/wp-json\/wp\/v2\/product\/51994"}],"collection":[{"href":"https:\/\/stage.shop-cellularswiss.ch\/de\/wp-json\/wp\/v2\/product"}],"about":[{"href":"https:\/\/stage.shop-cellularswiss.ch\/de\/wp-json\/wp\/v2\/types\/product"}],"replies":[{"embeddable":true,"href":"https:\/\/stage.shop-cellularswiss.ch\/de\/wp-json\/wp\/v2\/comments?post=51994"}],"wp:featuredmedia":[{"embeddable":true,"href":"https:\/\/stage.shop-cellularswiss.ch\/de\/wp-json\/wp\/v2\/media\/47318"}],"wp:attachment":[{"href":"https:\/\/stage.shop-cellularswiss.ch\/de\/wp-json\/wp\/v2\/media?parent=51994"}],"wp:term":[{"taxonomy":"pwb-brand","embeddable":true,"href":"https:\/\/stage.shop-cellularswiss.ch\/de\/wp-json\/wp\/v2\/pwb-brand?post=51994"},{"taxonomy":"product_cat","embeddable":true,"href":"https:\/\/stage.shop-cellularswiss.ch\/de\/wp-json\/wp\/v2\/product_cat?post=51994"},{"taxonomy":"product_tag","embeddable":true,"href":"https:\/\/stage.shop-cellularswiss.ch\/de\/wp-json\/wp\/v2\/product_tag?post=51994"},{"taxonomy":"compatibilite","embeddable":true,"href":"https:\/\/stage.shop-cellularswiss.ch\/de\/wp-json\/wp\/v2\/compatibilite?post=51994"},{"taxonomy":"compatibilite_smartphone","embeddable":true,"href":"https:\/\/stage.shop-cellularswiss.ch\/de\/wp-json\/wp\/v2\/compatibilite_smartphone?post=51994"}],"curies":[{"name":"wp","href":"https:\/\/api.w.org\/{rel}","templated":true}]}}