
{"id":52012,"date":"2021-03-20T11:22:12","date_gmt":"2021-03-20T13:07:14","guid":{"rendered":"https:\/\/stage.shop-cellularswiss.ch\/produit\/nape\/"},"modified":"2021-03-20T14:07:19","modified_gmt":"2021-03-20T13:07:19","slug":"nape","status":"publish","type":"product","link":"https:\/\/stage.shop-cellularswiss.ch\/de\/produit\/nape\/","title":{"rendered":"NAPE"},"content":{"rendered":"<p>Nape, das drahtlose In-Ear-Headset mit Bluetooth-Technologie ist komfortabel und leicht, so dass Sie Ihre Lieblingsmusik drahtlos, ohne Bewegungseinschr\u00e4nkungen, genie\u00dfen k\u00f6nnen. Mit der praktischen Taste an den Ohrh\u00f6rern k\u00f6nnen Sie Anrufe entgegennehmen und die Lautst\u00e4rke regeln. Dank der 12 Stunden Autonomie eignen sie sich perfekt, um Ihre Playlist den ganzen Tag lang anzuh\u00f6ren.<\/p>\n","protected":false},"excerpt":{"rendered":"<p>Ultraflexibles und robustes Bluetooth\u00ae-In-Ear-Headset mit 12 Stunden Batterielaufzeit<\/p>\n","protected":false},"featured_media":62608,"comment_status":"closed","ping_status":"closed","template":"","meta":{"_et_pb_use_builder":"","_et_pb_old_content":"","_et_gb_content_width":""},"pwb-brand":[],"product_cat":[493,509],"product_tag":[],"compatibilite":[],"compatibilite_smartphone":[4366,4384,4365,4436,4443,4441,4417,4419,4420,4418,4437,4439,4438,4446,4442,4445,4444,4440,4358,4435,4433,4434,4385,4388,4386,4389,4387,4421,4402,4413,4406,4414,4405,4408,4403,4407,4404,4410,4422,4409,4427,4428,4423,4401,4400,4431,4425,4424,4393,4397,4416,4411,4426,4392,4391],"brands":[],"_links":{"self":[{"href":"https:\/\/stage.shop-cellularswiss.ch\/de\/wp-json\/wp\/v2\/product\/52012"}],"collection":[{"href":"https:\/\/stage.shop-cellularswiss.ch\/de\/wp-json\/wp\/v2\/product"}],"about":[{"href":"https:\/\/stage.shop-cellularswiss.ch\/de\/wp-json\/wp\/v2\/types\/product"}],"replies":[{"embeddable":true,"href":"https:\/\/stage.shop-cellularswiss.ch\/de\/wp-json\/wp\/v2\/comments?post=52012"}],"wp:featuredmedia":[{"embeddable":true,"href":"https:\/\/stage.shop-cellularswiss.ch\/de\/wp-json\/wp\/v2\/media\/62608"}],"wp:attachment":[{"href":"https:\/\/stage.shop-cellularswiss.ch\/de\/wp-json\/wp\/v2\/media?parent=52012"}],"wp:term":[{"taxonomy":"pwb-brand","embeddable":true,"href":"https:\/\/stage.shop-cellularswiss.ch\/de\/wp-json\/wp\/v2\/pwb-brand?post=52012"},{"taxonomy":"product_cat","embeddable":true,"href":"https:\/\/stage.shop-cellularswiss.ch\/de\/wp-json\/wp\/v2\/product_cat?post=52012"},{"taxonomy":"product_tag","embeddable":true,"href":"https:\/\/stage.shop-cellularswiss.ch\/de\/wp-json\/wp\/v2\/product_tag?post=52012"},{"taxonomy":"compatibilite","embeddable":true,"href":"https:\/\/stage.shop-cellularswiss.ch\/de\/wp-json\/wp\/v2\/compatibilite?post=52012"},{"taxonomy":"compatibilite_smartphone","embeddable":true,"href":"https:\/\/stage.shop-cellularswiss.ch\/de\/wp-json\/wp\/v2\/compatibilite_smartphone?post=52012"}],"curies":[{"name":"wp","href":"https:\/\/api.w.org\/{rel}","templated":true}]}}