
{"id":52015,"date":"2021-03-20T11:22:19","date_gmt":"2021-03-20T13:07:18","guid":{"rendered":"https:\/\/stage.shop-cellularswiss.ch\/produit\/neck-case-iphone-11\/"},"modified":"2021-03-20T14:07:25","modified_gmt":"2021-03-20T13:07:25","slug":"neck-case-iphone-11","status":"publish","type":"product","link":"https:\/\/stage.shop-cellularswiss.ch\/de\/produit\/neck-case-iphone-11\/","title":{"rendered":"Neck-Case &#8211; iPhone 11"},"content":{"rendered":"<p>Neck-Case ist die durchsichtige H\u00fclle mit verstellbarer Schnur, mit der das Smartphone \u00fcber die Schulter geh\u00e4ngt oder nach Ihrem Belieben getragen werden kann und die H\u00e4nde dabei frei l\u00e4sst. Die R\u00fcckseite der Schutzh\u00fclle ist starr und die Kanten sind aus Gummi mit verst\u00e4rkten Ecken f\u00fcr einen besseren Schutz. Die praktischen Ringe an der Unterseite der Schutzh\u00fclle erm\u00f6glichen es, das Smartphone entlang der Schnur zu schieben, so dass ein leichtes Zugreifen auf das Smartphone in jeder Situation m\u00f6glich ist.<\/p>\n","protected":false},"excerpt":{"rendered":"<p>Durchsichtige H\u00fclle mit verstellbarer Schnur<\/p>\n","protected":false},"featured_media":61810,"comment_status":"closed","ping_status":"closed","template":"","meta":{"_et_pb_use_builder":"","_et_pb_old_content":"","_et_gb_content_width":""},"pwb-brand":[],"product_cat":[542,559],"product_tag":[],"compatibilite":[],"compatibilite_smartphone":[4437],"brands":[],"_links":{"self":[{"href":"https:\/\/stage.shop-cellularswiss.ch\/de\/wp-json\/wp\/v2\/product\/52015"}],"collection":[{"href":"https:\/\/stage.shop-cellularswiss.ch\/de\/wp-json\/wp\/v2\/product"}],"about":[{"href":"https:\/\/stage.shop-cellularswiss.ch\/de\/wp-json\/wp\/v2\/types\/product"}],"replies":[{"embeddable":true,"href":"https:\/\/stage.shop-cellularswiss.ch\/de\/wp-json\/wp\/v2\/comments?post=52015"}],"wp:featuredmedia":[{"embeddable":true,"href":"https:\/\/stage.shop-cellularswiss.ch\/de\/wp-json\/wp\/v2\/media\/61810"}],"wp:attachment":[{"href":"https:\/\/stage.shop-cellularswiss.ch\/de\/wp-json\/wp\/v2\/media?parent=52015"}],"wp:term":[{"taxonomy":"pwb-brand","embeddable":true,"href":"https:\/\/stage.shop-cellularswiss.ch\/de\/wp-json\/wp\/v2\/pwb-brand?post=52015"},{"taxonomy":"product_cat","embeddable":true,"href":"https:\/\/stage.shop-cellularswiss.ch\/de\/wp-json\/wp\/v2\/product_cat?post=52015"},{"taxonomy":"product_tag","embeddable":true,"href":"https:\/\/stage.shop-cellularswiss.ch\/de\/wp-json\/wp\/v2\/product_tag?post=52015"},{"taxonomy":"compatibilite","embeddable":true,"href":"https:\/\/stage.shop-cellularswiss.ch\/de\/wp-json\/wp\/v2\/compatibilite?post=52015"},{"taxonomy":"compatibilite_smartphone","embeddable":true,"href":"https:\/\/stage.shop-cellularswiss.ch\/de\/wp-json\/wp\/v2\/compatibilite_smartphone?post=52015"}],"curies":[{"name":"wp","href":"https:\/\/api.w.org\/{rel}","templated":true}]}}