
{"id":52036,"date":"2021-03-20T11:23:09","date_gmt":"2021-03-20T13:07:54","guid":{"rendered":"https:\/\/stage.shop-cellularswiss.ch\/produit\/neckband-ultra-light-universale\/"},"modified":"2021-03-20T14:07:56","modified_gmt":"2021-03-20T13:07:56","slug":"neckband-ultra-light-universale","status":"publish","type":"product","link":"https:\/\/stage.shop-cellularswiss.ch\/de\/produit\/neckband-ultra-light-universale\/","title":{"rendered":"NECKBAND ULTRA LIGHT &#8211; UNIVERSALE"},"content":{"rendered":"<p>Das leichte und bequeme Bluetooth\u00ae-Headset ist ideal zum Anh\u00f6ren von Musik und die Annahme von eingehenden Anrufen bei gleichzeitiger kompletter Bewegungsfreiheit. Neckband Ultra Light ist bequem zu tragen, vor allem f\u00fcr Leute, die den ganzen Tag unterwegs sind. Die Batterie mit langer Laufzeit garantiert eine Sprechzeit von bis zu 10 Stunden. Neckband Ultra Light verf\u00fcgt \u00fcber ein magnetisches Headset, das leicht verschlossen werden kann, indem man die Magnete ann\u00e4hert. Es hat ein Mikrofon mit praktischer integrierter Rufannahmetaste und universeller Fernbedienung.<\/p>\n","protected":false},"excerpt":{"rendered":"<p>Ultraleichtes und resistentes Bluetooth\u00ae-Headset im Neckband-Stil<\/p>\n","protected":false},"featured_media":54750,"comment_status":"closed","ping_status":"closed","template":"","meta":{"_et_pb_use_builder":"","_et_pb_old_content":"","_et_gb_content_width":""},"pwb-brand":[],"product_cat":[493,509],"product_tag":[],"compatibilite":[],"compatibilite_smartphone":[],"brands":[],"_links":{"self":[{"href":"https:\/\/stage.shop-cellularswiss.ch\/de\/wp-json\/wp\/v2\/product\/52036"}],"collection":[{"href":"https:\/\/stage.shop-cellularswiss.ch\/de\/wp-json\/wp\/v2\/product"}],"about":[{"href":"https:\/\/stage.shop-cellularswiss.ch\/de\/wp-json\/wp\/v2\/types\/product"}],"replies":[{"embeddable":true,"href":"https:\/\/stage.shop-cellularswiss.ch\/de\/wp-json\/wp\/v2\/comments?post=52036"}],"wp:featuredmedia":[{"embeddable":true,"href":"https:\/\/stage.shop-cellularswiss.ch\/de\/wp-json\/wp\/v2\/media\/54750"}],"wp:attachment":[{"href":"https:\/\/stage.shop-cellularswiss.ch\/de\/wp-json\/wp\/v2\/media?parent=52036"}],"wp:term":[{"taxonomy":"pwb-brand","embeddable":true,"href":"https:\/\/stage.shop-cellularswiss.ch\/de\/wp-json\/wp\/v2\/pwb-brand?post=52036"},{"taxonomy":"product_cat","embeddable":true,"href":"https:\/\/stage.shop-cellularswiss.ch\/de\/wp-json\/wp\/v2\/product_cat?post=52036"},{"taxonomy":"product_tag","embeddable":true,"href":"https:\/\/stage.shop-cellularswiss.ch\/de\/wp-json\/wp\/v2\/product_tag?post=52036"},{"taxonomy":"compatibilite","embeddable":true,"href":"https:\/\/stage.shop-cellularswiss.ch\/de\/wp-json\/wp\/v2\/compatibilite?post=52036"},{"taxonomy":"compatibilite_smartphone","embeddable":true,"href":"https:\/\/stage.shop-cellularswiss.ch\/de\/wp-json\/wp\/v2\/compatibilite_smartphone?post=52036"}],"curies":[{"name":"wp","href":"https:\/\/api.w.org\/{rel}","templated":true}]}}