
{"id":52042,"date":"2021-03-20T11:23:23","date_gmt":"2021-03-20T13:08:05","guid":{"rendered":"https:\/\/stage.shop-cellularswiss.ch\/produit\/octopus-wireless-powerbank-5000-wireless-smartphones\/"},"modified":"2021-03-20T14:08:06","modified_gmt":"2021-03-20T13:08:06","slug":"octopus-wireless-powerbank-5000-wireless-smartphones","status":"publish","type":"product","link":"https:\/\/stage.shop-cellularswiss.ch\/de\/produit\/octopus-wireless-powerbank-5000-wireless-smartphones\/","title":{"rendered":"Octopus Wireless Powerbank 5000 &#8211; Wireless Smartphones"},"content":{"rendered":"<p>Octopus Wireless Powerbank 5000 ist das Akkuladeger\u00e4t mit Wireless-Technologie von Cellularline, mit dem man alle Mobiltelefone, die mit der Wireless Qi-Ladetechnologie kompatibel sind, kabellos und mobil aufladen kann.Dank des Systems mit Mikro-Saugn\u00e4pfen haftet das Akkuladeger\u00e4t fest am Smartphone, so dass das Ger\u00e4t problemlos, ohne Kabel und mit minimalem Platzbedarf aufgeladen und gleichzeitig weiter verwendet werden kann.Die USB- und USB-C-Ports erm\u00f6glichen es auch, bei Bedarf mit einem Kabel zu laden.<\/p>\n","protected":false},"excerpt":{"rendered":"<p>Portables Akkuladeger\u00e4t mit drahtloser Aufladung<\/p>\n","protected":false},"featured_media":55806,"comment_status":"closed","ping_status":"closed","template":"","meta":{"_et_pb_use_builder":"","_et_pb_old_content":"","_et_gb_content_width":""},"pwb-brand":[],"product_cat":[1781,1793,539],"product_tag":[],"compatibilite":[],"compatibilite_smartphone":[4437,4439,4438,4446,4445,4444,4380,4362,4440,4358,4435,4433,4434,4422,4401,4400,4431,4425,4424,4393,4412,4397],"brands":[],"_links":{"self":[{"href":"https:\/\/stage.shop-cellularswiss.ch\/de\/wp-json\/wp\/v2\/product\/52042"}],"collection":[{"href":"https:\/\/stage.shop-cellularswiss.ch\/de\/wp-json\/wp\/v2\/product"}],"about":[{"href":"https:\/\/stage.shop-cellularswiss.ch\/de\/wp-json\/wp\/v2\/types\/product"}],"replies":[{"embeddable":true,"href":"https:\/\/stage.shop-cellularswiss.ch\/de\/wp-json\/wp\/v2\/comments?post=52042"}],"wp:featuredmedia":[{"embeddable":true,"href":"https:\/\/stage.shop-cellularswiss.ch\/de\/wp-json\/wp\/v2\/media\/55806"}],"wp:attachment":[{"href":"https:\/\/stage.shop-cellularswiss.ch\/de\/wp-json\/wp\/v2\/media?parent=52042"}],"wp:term":[{"taxonomy":"pwb-brand","embeddable":true,"href":"https:\/\/stage.shop-cellularswiss.ch\/de\/wp-json\/wp\/v2\/pwb-brand?post=52042"},{"taxonomy":"product_cat","embeddable":true,"href":"https:\/\/stage.shop-cellularswiss.ch\/de\/wp-json\/wp\/v2\/product_cat?post=52042"},{"taxonomy":"product_tag","embeddable":true,"href":"https:\/\/stage.shop-cellularswiss.ch\/de\/wp-json\/wp\/v2\/product_tag?post=52042"},{"taxonomy":"compatibilite","embeddable":true,"href":"https:\/\/stage.shop-cellularswiss.ch\/de\/wp-json\/wp\/v2\/compatibilite?post=52042"},{"taxonomy":"compatibilite_smartphone","embeddable":true,"href":"https:\/\/stage.shop-cellularswiss.ch\/de\/wp-json\/wp\/v2\/compatibilite_smartphone?post=52042"}],"curies":[{"name":"wp","href":"https:\/\/api.w.org\/{rel}","templated":true}]}}