
{"id":52046,"date":"2021-03-20T11:23:32","date_gmt":"2021-03-20T13:08:11","guid":{"rendered":"https:\/\/stage.shop-cellularswiss.ch\/produit\/ok-display-invisible-per-smartphone-fino-a-525\/"},"modified":"2021-03-20T14:08:13","modified_gmt":"2021-03-20T13:08:13","slug":"ok-display-invisible-per-smartphone-fino-a-525","status":"publish","type":"product","link":"https:\/\/stage.shop-cellularswiss.ch\/de\/produit\/ok-display-invisible-per-smartphone-fino-a-525\/","title":{"rendered":"Ok Display Invisible &#8211; Per Smartphone fino a 5,25&#8243;"},"content":{"rendered":"<p>Die Universal-Schutzfolie kann dank des Pr\u00e4zisionsrasters ma\u00dfgenau auf das eigene Display zugeschnitten werden. Perfekte Transparenz und die Technologie Ok Display f\u00fcr blasenfreies Anbringen machen sie leistungsstark und leicht anzubringen.<\/p>\n","protected":false},"excerpt":{"rendered":"<p>Universal-Schutzfolie<\/p>\n","protected":false},"featured_media":54346,"comment_status":"closed","ping_status":"closed","template":"","meta":{"_et_pb_use_builder":"","_et_pb_old_content":"","_et_gb_content_width":""},"pwb-brand":[],"product_cat":[539,542,549],"product_tag":[],"compatibilite":[],"compatibilite_smartphone":[],"brands":[],"_links":{"self":[{"href":"https:\/\/stage.shop-cellularswiss.ch\/de\/wp-json\/wp\/v2\/product\/52046"}],"collection":[{"href":"https:\/\/stage.shop-cellularswiss.ch\/de\/wp-json\/wp\/v2\/product"}],"about":[{"href":"https:\/\/stage.shop-cellularswiss.ch\/de\/wp-json\/wp\/v2\/types\/product"}],"replies":[{"embeddable":true,"href":"https:\/\/stage.shop-cellularswiss.ch\/de\/wp-json\/wp\/v2\/comments?post=52046"}],"wp:featuredmedia":[{"embeddable":true,"href":"https:\/\/stage.shop-cellularswiss.ch\/de\/wp-json\/wp\/v2\/media\/54346"}],"wp:attachment":[{"href":"https:\/\/stage.shop-cellularswiss.ch\/de\/wp-json\/wp\/v2\/media?parent=52046"}],"wp:term":[{"taxonomy":"pwb-brand","embeddable":true,"href":"https:\/\/stage.shop-cellularswiss.ch\/de\/wp-json\/wp\/v2\/pwb-brand?post=52046"},{"taxonomy":"product_cat","embeddable":true,"href":"https:\/\/stage.shop-cellularswiss.ch\/de\/wp-json\/wp\/v2\/product_cat?post=52046"},{"taxonomy":"product_tag","embeddable":true,"href":"https:\/\/stage.shop-cellularswiss.ch\/de\/wp-json\/wp\/v2\/product_tag?post=52046"},{"taxonomy":"compatibilite","embeddable":true,"href":"https:\/\/stage.shop-cellularswiss.ch\/de\/wp-json\/wp\/v2\/compatibilite?post=52046"},{"taxonomy":"compatibilite_smartphone","embeddable":true,"href":"https:\/\/stage.shop-cellularswiss.ch\/de\/wp-json\/wp\/v2\/compatibilite_smartphone?post=52046"}],"curies":[{"name":"wp","href":"https:\/\/api.w.org\/{rel}","templated":true}]}}