
{"id":52047,"date":"2021-03-20T11:23:34","date_gmt":"2021-03-20T13:08:11","guid":{"rendered":"https:\/\/stage.shop-cellularswiss.ch\/produit\/ok-display-invisible-curved-galaxy-s20\/"},"modified":"2021-03-20T14:08:16","modified_gmt":"2021-03-20T13:08:16","slug":"ok-display-invisible-curved-galaxy-s20","status":"publish","type":"product","link":"https:\/\/stage.shop-cellularswiss.ch\/de\/produit\/ok-display-invisible-curved-galaxy-s20\/","title":{"rendered":"Ok Display Invisible Curved &#8211; Galaxy S20+"},"content":{"rendered":"<p>Ok Display Invisible Curved ist eine innovative, thermogeformte und selbstapplizierende Schutzfolie, die den gebogenen Bildschirm des Smartphones ganz umschlie\u00dft und sch\u00fctzt, ohne die Helligkeit, Aufl\u00f6sung und Empfindlichkeit zu ver\u00e4ndern.<\/p>\n","protected":false},"excerpt":{"rendered":"<p>Ultratransparente schutzfolie<\/p>\n","protected":false},"featured_media":57277,"comment_status":"closed","ping_status":"closed","template":"","meta":{"_et_pb_use_builder":"","_et_pb_old_content":"","_et_gb_content_width":""},"pwb-brand":[],"product_cat":[542,549],"product_tag":[],"compatibilite":[],"compatibilite_smartphone":[4425,4424],"brands":[],"_links":{"self":[{"href":"https:\/\/stage.shop-cellularswiss.ch\/de\/wp-json\/wp\/v2\/product\/52047"}],"collection":[{"href":"https:\/\/stage.shop-cellularswiss.ch\/de\/wp-json\/wp\/v2\/product"}],"about":[{"href":"https:\/\/stage.shop-cellularswiss.ch\/de\/wp-json\/wp\/v2\/types\/product"}],"replies":[{"embeddable":true,"href":"https:\/\/stage.shop-cellularswiss.ch\/de\/wp-json\/wp\/v2\/comments?post=52047"}],"wp:featuredmedia":[{"embeddable":true,"href":"https:\/\/stage.shop-cellularswiss.ch\/de\/wp-json\/wp\/v2\/media\/57277"}],"wp:attachment":[{"href":"https:\/\/stage.shop-cellularswiss.ch\/de\/wp-json\/wp\/v2\/media?parent=52047"}],"wp:term":[{"taxonomy":"pwb-brand","embeddable":true,"href":"https:\/\/stage.shop-cellularswiss.ch\/de\/wp-json\/wp\/v2\/pwb-brand?post=52047"},{"taxonomy":"product_cat","embeddable":true,"href":"https:\/\/stage.shop-cellularswiss.ch\/de\/wp-json\/wp\/v2\/product_cat?post=52047"},{"taxonomy":"product_tag","embeddable":true,"href":"https:\/\/stage.shop-cellularswiss.ch\/de\/wp-json\/wp\/v2\/product_tag?post=52047"},{"taxonomy":"compatibilite","embeddable":true,"href":"https:\/\/stage.shop-cellularswiss.ch\/de\/wp-json\/wp\/v2\/compatibilite?post=52047"},{"taxonomy":"compatibilite_smartphone","embeddable":true,"href":"https:\/\/stage.shop-cellularswiss.ch\/de\/wp-json\/wp\/v2\/compatibilite_smartphone?post=52047"}],"curies":[{"name":"wp","href":"https:\/\/api.w.org\/{rel}","templated":true}]}}