
{"id":52058,"date":"2021-03-20T11:24:04","date_gmt":"2021-03-20T13:08:36","guid":{"rendered":"https:\/\/stage.shop-cellularswiss.ch\/produit\/paper-feel-ipad-air-10-9-2020-ipad-pro-11-2020-ipad-pro-11-2018\/"},"modified":"2021-10-08T17:52:00","modified_gmt":"2021-10-08T15:52:00","slug":"paper-feel-ipad-air-10-9-2020-ipad-pro-11-2020-ipad-pro-11-2018","status":"publish","type":"product","link":"https:\/\/stage.shop-cellularswiss.ch\/de\/produit\/paper-feel-ipad-air-10-9-2020-ipad-pro-11-2020-ipad-pro-11-2018\/","title":{"rendered":"Paper Feel \u2013 iPad Air 10.9&#8243; (2020) \/ iPad Pro 11&#8243; (2020) \/ iPad Pro 11&#8243; (2018)"},"content":{"rendered":"<p>PAPER FEEL ist die Schutzfolie, die dem iPad-Bildschirm beim Schreiben oder Zeichnen mit den Apple Pencil das gleiche taktile Gef\u00fchl wie ein Blatt Papier verleiht. Sie garantiert eine ausgezeichnete Empfindlichkeit des Touchscreens und sch\u00fctzt das Display vor Kratzern. Die matte Oberfl\u00e4che reduziert die Reflexionen und gew\u00e4hrleistet auch bei starkem Licht eine ausgezeichnete Anzeigequalit\u00e4t des Bildschirms.<\/p>\n","protected":false},"excerpt":{"rendered":"<p>Die Schutzfolie verleiht dem Display das gleiche taktile Gef\u00fchl wie Papier<\/p>\n","protected":false},"featured_media":62407,"comment_status":"closed","ping_status":"closed","template":"","meta":{"_et_pb_use_builder":"","_et_pb_old_content":"","_et_gb_content_width":""},"pwb-brand":[],"product_cat":[542,553],"product_tag":[],"compatibilite":[],"compatibilite_smartphone":[4443],"brands":[],"_links":{"self":[{"href":"https:\/\/stage.shop-cellularswiss.ch\/de\/wp-json\/wp\/v2\/product\/52058"}],"collection":[{"href":"https:\/\/stage.shop-cellularswiss.ch\/de\/wp-json\/wp\/v2\/product"}],"about":[{"href":"https:\/\/stage.shop-cellularswiss.ch\/de\/wp-json\/wp\/v2\/types\/product"}],"replies":[{"embeddable":true,"href":"https:\/\/stage.shop-cellularswiss.ch\/de\/wp-json\/wp\/v2\/comments?post=52058"}],"wp:featuredmedia":[{"embeddable":true,"href":"https:\/\/stage.shop-cellularswiss.ch\/de\/wp-json\/wp\/v2\/media\/62407"}],"wp:attachment":[{"href":"https:\/\/stage.shop-cellularswiss.ch\/de\/wp-json\/wp\/v2\/media?parent=52058"}],"wp:term":[{"taxonomy":"pwb-brand","embeddable":true,"href":"https:\/\/stage.shop-cellularswiss.ch\/de\/wp-json\/wp\/v2\/pwb-brand?post=52058"},{"taxonomy":"product_cat","embeddable":true,"href":"https:\/\/stage.shop-cellularswiss.ch\/de\/wp-json\/wp\/v2\/product_cat?post=52058"},{"taxonomy":"product_tag","embeddable":true,"href":"https:\/\/stage.shop-cellularswiss.ch\/de\/wp-json\/wp\/v2\/product_tag?post=52058"},{"taxonomy":"compatibilite","embeddable":true,"href":"https:\/\/stage.shop-cellularswiss.ch\/de\/wp-json\/wp\/v2\/compatibilite?post=52058"},{"taxonomy":"compatibilite_smartphone","embeddable":true,"href":"https:\/\/stage.shop-cellularswiss.ch\/de\/wp-json\/wp\/v2\/compatibilite_smartphone?post=52058"}],"curies":[{"name":"wp","href":"https:\/\/api.w.org\/{rel}","templated":true}]}}