
{"id":52059,"date":"2021-03-20T11:24:06","date_gmt":"2021-03-20T13:08:36","guid":{"rendered":"https:\/\/stage.shop-cellularswiss.ch\/produit\/petit-universale\/"},"modified":"2021-03-20T14:08:45","modified_gmt":"2021-03-20T13:08:45","slug":"petit-universale","status":"publish","type":"product","link":"https:\/\/stage.shop-cellularswiss.ch\/de\/produit\/petit-universale\/","title":{"rendered":"Petit &#8211; Universale"},"content":{"rendered":"<p>Petit sind die Bluetooth-Kopfh\u00f6rer mit In-Ear-Kapseln mit geschwungenem und diskretem Design. Sie wurden mit der innovativen True Wireless Stereo-Technologie entwickelt und gebaut, die die gleichzeitige, vollkommen kabellose Verbindung beider Kopfh\u00f6rer erm\u00f6glicht. Die Kopfh\u00f6rer Petit sorgen f\u00fcr optimale Klangwiedergabe und einen kraftvollen und definierten Sound ohne Verzerrungen. Dank praktischer und kompakter H\u00fclle im Taschenformat mit integriertem Ladeger\u00e4t k\u00f6nnen beide Kopfh\u00f6rer jederzeit bis zu 3 Mal aufgeladen werden. Stecke sie nach dem Musikh\u00f6ren einfach wieder in die H\u00fclle: Sie sind dadurch nicht nur gesch\u00fctzt, sondern werden auch wieder aufgeladen.<\/p>\n","protected":false},"excerpt":{"rendered":"<p>Kabellose In-Ear-Bluetooth\u00ae-Kopfh\u00f6rer mit tragbarem Ladeger\u00e4t<\/p>\n","protected":false},"featured_media":62612,"comment_status":"closed","ping_status":"closed","template":"","meta":{"_et_pb_use_builder":"","_et_pb_old_content":"","_et_gb_content_width":""},"pwb-brand":[],"product_cat":[493,509,539],"product_tag":[],"compatibilite":[],"compatibilite_smartphone":[4366,4384,4363,4370,4354,4365,4376,4436,4443,4383,4441,4373,4381,4417,4419,4382,4420,4361,4418,4450,4437,4439,4438,4446,4442,4445,4444,4378,4356,4359,4377,4364,4379,4353,4374,4372,4449,4447,4380,4362,4448,4440,4358,4435,4433,4434,4367,4385,4388,4386,4389,4387,4421,4390,4415,4402,4413,4396,4406,4414,4405,4408,4394,4403,4407,4404,4410,4395,4422,4409,4399,4427,4428,4423,4401,4400,4431,4425,4424,4429,4430,4393,4412,4397,4416,4411,4426,4392,4391],"brands":[],"_links":{"self":[{"href":"https:\/\/stage.shop-cellularswiss.ch\/de\/wp-json\/wp\/v2\/product\/52059"}],"collection":[{"href":"https:\/\/stage.shop-cellularswiss.ch\/de\/wp-json\/wp\/v2\/product"}],"about":[{"href":"https:\/\/stage.shop-cellularswiss.ch\/de\/wp-json\/wp\/v2\/types\/product"}],"replies":[{"embeddable":true,"href":"https:\/\/stage.shop-cellularswiss.ch\/de\/wp-json\/wp\/v2\/comments?post=52059"}],"wp:featuredmedia":[{"embeddable":true,"href":"https:\/\/stage.shop-cellularswiss.ch\/de\/wp-json\/wp\/v2\/media\/62612"}],"wp:attachment":[{"href":"https:\/\/stage.shop-cellularswiss.ch\/de\/wp-json\/wp\/v2\/media?parent=52059"}],"wp:term":[{"taxonomy":"pwb-brand","embeddable":true,"href":"https:\/\/stage.shop-cellularswiss.ch\/de\/wp-json\/wp\/v2\/pwb-brand?post=52059"},{"taxonomy":"product_cat","embeddable":true,"href":"https:\/\/stage.shop-cellularswiss.ch\/de\/wp-json\/wp\/v2\/product_cat?post=52059"},{"taxonomy":"product_tag","embeddable":true,"href":"https:\/\/stage.shop-cellularswiss.ch\/de\/wp-json\/wp\/v2\/product_tag?post=52059"},{"taxonomy":"compatibilite","embeddable":true,"href":"https:\/\/stage.shop-cellularswiss.ch\/de\/wp-json\/wp\/v2\/compatibilite?post=52059"},{"taxonomy":"compatibilite_smartphone","embeddable":true,"href":"https:\/\/stage.shop-cellularswiss.ch\/de\/wp-json\/wp\/v2\/compatibilite_smartphone?post=52059"}],"curies":[{"name":"wp","href":"https:\/\/api.w.org\/{rel}","templated":true}]}}