
{"id":52066,"date":"2021-03-20T14:08:49","date_gmt":"2021-03-20T13:08:49","guid":{"rendered":"https:\/\/stage.shop-cellularswiss.ch\/produit\/pilot-active-iphone-6-6-plus-6s-6s-plus\/"},"modified":"2021-03-20T14:08:51","modified_gmt":"2021-03-20T13:08:51","slug":"pilot-active-iphone-6-6-plus-6s-6s-plus","status":"publish","type":"product","link":"https:\/\/stage.shop-cellularswiss.ch\/de\/produit\/pilot-active-iphone-6-6-plus-6s-6s-plus\/","title":{"rendered":"Pilot Active &#8211; iPhone 6 \/ 6 Plus \/ 6S \/ 6S Plus"},"content":{"rendered":"<p>Die Auto-Telefonhalterung mit Pilot Active Ladeger\u00e4t ist die ma\u00dfgeschneiderte Halterung f\u00fcr iPhone 6 \/ 6S \/ 6 Plus \/ 6S Plus, die das Design des Telefons unterstreicht und die Stabilit\u00e4t und komplette Zug\u00e4nglichkeit der Tasten und des Displays garantiert. Die mit nur einer Hand bedienbare Halterung h\u00e4lt den Ladestand des Telefons immer aufrecht. Zertifiziert Made for iPhone.<\/p>\n","protected":false},"excerpt":{"rendered":"<p>Auto-Telefonhalterung mit Pilot Active Ladeger\u00e4t<\/p>\n","protected":false},"featured_media":54522,"comment_status":"closed","ping_status":"open","template":"","meta":{"_et_pb_use_builder":"","_et_pb_old_content":"","_et_gb_content_width":""},"pwb-brand":[],"product_cat":[3853,1781],"product_tag":[],"compatibilite":[],"compatibilite_smartphone":[],"brands":[],"_links":{"self":[{"href":"https:\/\/stage.shop-cellularswiss.ch\/de\/wp-json\/wp\/v2\/product\/52066"}],"collection":[{"href":"https:\/\/stage.shop-cellularswiss.ch\/de\/wp-json\/wp\/v2\/product"}],"about":[{"href":"https:\/\/stage.shop-cellularswiss.ch\/de\/wp-json\/wp\/v2\/types\/product"}],"replies":[{"embeddable":true,"href":"https:\/\/stage.shop-cellularswiss.ch\/de\/wp-json\/wp\/v2\/comments?post=52066"}],"wp:featuredmedia":[{"embeddable":true,"href":"https:\/\/stage.shop-cellularswiss.ch\/de\/wp-json\/wp\/v2\/media\/54522"}],"wp:attachment":[{"href":"https:\/\/stage.shop-cellularswiss.ch\/de\/wp-json\/wp\/v2\/media?parent=52066"}],"wp:term":[{"taxonomy":"pwb-brand","embeddable":true,"href":"https:\/\/stage.shop-cellularswiss.ch\/de\/wp-json\/wp\/v2\/pwb-brand?post=52066"},{"taxonomy":"product_cat","embeddable":true,"href":"https:\/\/stage.shop-cellularswiss.ch\/de\/wp-json\/wp\/v2\/product_cat?post=52066"},{"taxonomy":"product_tag","embeddable":true,"href":"https:\/\/stage.shop-cellularswiss.ch\/de\/wp-json\/wp\/v2\/product_tag?post=52066"},{"taxonomy":"compatibilite","embeddable":true,"href":"https:\/\/stage.shop-cellularswiss.ch\/de\/wp-json\/wp\/v2\/compatibilite?post=52066"},{"taxonomy":"compatibilite_smartphone","embeddable":true,"href":"https:\/\/stage.shop-cellularswiss.ch\/de\/wp-json\/wp\/v2\/compatibilite_smartphone?post=52066"}],"curies":[{"name":"wp","href":"https:\/\/api.w.org\/{rel}","templated":true}]}}