
{"id":52067,"date":"2021-03-20T14:08:49","date_gmt":"2021-03-20T13:08:49","guid":{"rendered":"https:\/\/stage.shop-cellularswiss.ch\/produit\/pilot-active-wireless-wireless-smartphones\/"},"modified":"2021-03-20T14:08:53","modified_gmt":"2021-03-20T13:08:53","slug":"pilot-active-wireless-wireless-smartphones","status":"publish","type":"product","link":"https:\/\/stage.shop-cellularswiss.ch\/de\/produit\/pilot-active-wireless-wireless-smartphones\/","title":{"rendered":"Pilot Active Wireless &#8211; Wireless Smartphones"},"content":{"rendered":"<p>Die Smartphonehalterung f\u00fcr das Auto Pilot Active Wireless ist mit dem Supergrip-Saugkopf ausgestattet und kann leicht an der Windschutzscheibe oder dem Armaturenbrett befestigt werden. Perfekt geeignet f\u00fcr das wirksame und sichere Laden aller mit der Kabellos-Ladetechnologie kompatiblen Smartphones w\u00e4hrend der Fahrt. Die Halterung Pilot Active Wireless verf\u00fcgt \u00fcber die Wideactive\u2122 1-Technologie mit einfacher Ladespirale, die die \u00dcberhitzung des Telefons reduziert und dazu f\u00fchrt, dass die Halterung die ideale Wahl f\u00fcr das drahtlose Laden mit dem Wireless Qi-Ladestandard kompatibler Ger\u00e4te ist. Ferner erlaubt Pilot Active Wireless jederzeit das Bedienen der Tasten und des Displays des Smartphones und ist mit einem Micro-USB-Kabel ausgestattet, das in der Packung enthalten ist.<\/p>\n","protected":false},"excerpt":{"rendered":"<p>Smartphonehalterung f\u00fcr das Auto mit kabelloser Aufladung<\/p>\n","protected":false},"featured_media":55566,"comment_status":"closed","ping_status":"open","template":"","meta":{"_et_pb_use_builder":"","_et_pb_old_content":"","_et_gb_content_width":""},"pwb-brand":[],"product_cat":[3853,1781],"product_tag":[],"compatibilite":[],"compatibilite_smartphone":[],"brands":[],"_links":{"self":[{"href":"https:\/\/stage.shop-cellularswiss.ch\/de\/wp-json\/wp\/v2\/product\/52067"}],"collection":[{"href":"https:\/\/stage.shop-cellularswiss.ch\/de\/wp-json\/wp\/v2\/product"}],"about":[{"href":"https:\/\/stage.shop-cellularswiss.ch\/de\/wp-json\/wp\/v2\/types\/product"}],"replies":[{"embeddable":true,"href":"https:\/\/stage.shop-cellularswiss.ch\/de\/wp-json\/wp\/v2\/comments?post=52067"}],"wp:featuredmedia":[{"embeddable":true,"href":"https:\/\/stage.shop-cellularswiss.ch\/de\/wp-json\/wp\/v2\/media\/55566"}],"wp:attachment":[{"href":"https:\/\/stage.shop-cellularswiss.ch\/de\/wp-json\/wp\/v2\/media?parent=52067"}],"wp:term":[{"taxonomy":"pwb-brand","embeddable":true,"href":"https:\/\/stage.shop-cellularswiss.ch\/de\/wp-json\/wp\/v2\/pwb-brand?post=52067"},{"taxonomy":"product_cat","embeddable":true,"href":"https:\/\/stage.shop-cellularswiss.ch\/de\/wp-json\/wp\/v2\/product_cat?post=52067"},{"taxonomy":"product_tag","embeddable":true,"href":"https:\/\/stage.shop-cellularswiss.ch\/de\/wp-json\/wp\/v2\/product_tag?post=52067"},{"taxonomy":"compatibilite","embeddable":true,"href":"https:\/\/stage.shop-cellularswiss.ch\/de\/wp-json\/wp\/v2\/compatibilite?post=52067"},{"taxonomy":"compatibilite_smartphone","embeddable":true,"href":"https:\/\/stage.shop-cellularswiss.ch\/de\/wp-json\/wp\/v2\/compatibilite_smartphone?post=52067"}],"curies":[{"name":"wp","href":"https:\/\/api.w.org\/{rel}","templated":true}]}}