
{"id":52069,"date":"2021-03-20T11:24:29","date_gmt":"2021-03-20T13:08:52","guid":{"rendered":"https:\/\/stage.shop-cellularswiss.ch\/produit\/pilot-embrace-universal\/"},"modified":"2021-03-20T14:08:56","modified_gmt":"2021-03-20T13:08:56","slug":"pilot-embrace-universal","status":"publish","type":"product","link":"https:\/\/stage.shop-cellularswiss.ch\/de\/produit\/pilot-embrace-universal\/","title":{"rendered":"Pilot Embrace &#8211; Universal"},"content":{"rendered":"<p>Pilot Embrace ist die Smartphonehalterung f\u00fcr das Auto, aus der das Telefon mit nur einer Hand herausgenommen werden kann, auch mit Schutzh\u00fclle. Die 18 unabh\u00e4ngigen und selbstregulierenden Laschen erm\u00f6glichen das vereinfachte Einsetzen und Herausnehmen des Telefons. Sie kann ohne Verschraubung oder dauerhaften Einbau an Armaturenbrett oder Windschutzscheibe angebracht werden. Sie ist schwenkbar f\u00fcr horizontale oder vertikale Sicht.<\/p>\n","protected":false},"excerpt":{"rendered":"<p>Smartphonehalterung f\u00fcr das Auto mit erleichtertem Einsetzsystem<\/p>\n","protected":false},"featured_media":55562,"comment_status":"closed","ping_status":"closed","template":"","meta":{"_et_pb_use_builder":"","_et_pb_old_content":"","_et_gb_content_width":""},"pwb-brand":[],"product_cat":[3853,1781],"product_tag":[],"compatibilite":[],"compatibilite_smartphone":[],"brands":[],"_links":{"self":[{"href":"https:\/\/stage.shop-cellularswiss.ch\/de\/wp-json\/wp\/v2\/product\/52069"}],"collection":[{"href":"https:\/\/stage.shop-cellularswiss.ch\/de\/wp-json\/wp\/v2\/product"}],"about":[{"href":"https:\/\/stage.shop-cellularswiss.ch\/de\/wp-json\/wp\/v2\/types\/product"}],"replies":[{"embeddable":true,"href":"https:\/\/stage.shop-cellularswiss.ch\/de\/wp-json\/wp\/v2\/comments?post=52069"}],"wp:featuredmedia":[{"embeddable":true,"href":"https:\/\/stage.shop-cellularswiss.ch\/de\/wp-json\/wp\/v2\/media\/55562"}],"wp:attachment":[{"href":"https:\/\/stage.shop-cellularswiss.ch\/de\/wp-json\/wp\/v2\/media?parent=52069"}],"wp:term":[{"taxonomy":"pwb-brand","embeddable":true,"href":"https:\/\/stage.shop-cellularswiss.ch\/de\/wp-json\/wp\/v2\/pwb-brand?post=52069"},{"taxonomy":"product_cat","embeddable":true,"href":"https:\/\/stage.shop-cellularswiss.ch\/de\/wp-json\/wp\/v2\/product_cat?post=52069"},{"taxonomy":"product_tag","embeddable":true,"href":"https:\/\/stage.shop-cellularswiss.ch\/de\/wp-json\/wp\/v2\/product_tag?post=52069"},{"taxonomy":"compatibilite","embeddable":true,"href":"https:\/\/stage.shop-cellularswiss.ch\/de\/wp-json\/wp\/v2\/compatibilite?post=52069"},{"taxonomy":"compatibilite_smartphone","embeddable":true,"href":"https:\/\/stage.shop-cellularswiss.ch\/de\/wp-json\/wp\/v2\/compatibilite_smartphone?post=52069"}],"curies":[{"name":"wp","href":"https:\/\/api.w.org\/{rel}","templated":true}]}}