
{"id":52070,"date":"2021-03-20T11:24:31","date_gmt":"2021-03-20T13:08:55","guid":{"rendered":"https:\/\/stage.shop-cellularswiss.ch\/produit\/pilot-flexi-universal\/"},"modified":"2021-03-20T14:08:57","modified_gmt":"2021-03-20T13:08:57","slug":"pilot-flexi-universal","status":"publish","type":"product","link":"https:\/\/stage.shop-cellularswiss.ch\/de\/produit\/pilot-flexi-universal\/","title":{"rendered":"Pilot Flexi &#8211; Universal"},"content":{"rendered":"<p>Pilot Flexi ist die Autohalterung f\u00fcr Smartphones und Mobiltelefone mit Supergrip-Saugnapf f\u00fcr maximale Haftung am Armaturenbrett. Dank des 18 cm extra-langen flexiblen Arms ist das Telefon immer sichtbar, ohne die Sicht zu verdecken, w\u00e4hrend die servounterst\u00fctzten Fl\u00fcgel das Ger\u00e4t sicher und ohne Behinderung der Kontakte befestigen.<\/p>\n","protected":false},"excerpt":{"rendered":"<p>Flexible Smartphone-Halterung f\u00fcr das Auto mit Supergrip-Saugnapf<\/p>\n","protected":false},"featured_media":62660,"comment_status":"closed","ping_status":"closed","template":"","meta":{"_et_pb_use_builder":"","_et_pb_old_content":"","_et_gb_content_width":""},"pwb-brand":[],"product_cat":[3853,1781],"product_tag":[],"compatibilite":[],"compatibilite_smartphone":[],"brands":[],"_links":{"self":[{"href":"https:\/\/stage.shop-cellularswiss.ch\/de\/wp-json\/wp\/v2\/product\/52070"}],"collection":[{"href":"https:\/\/stage.shop-cellularswiss.ch\/de\/wp-json\/wp\/v2\/product"}],"about":[{"href":"https:\/\/stage.shop-cellularswiss.ch\/de\/wp-json\/wp\/v2\/types\/product"}],"replies":[{"embeddable":true,"href":"https:\/\/stage.shop-cellularswiss.ch\/de\/wp-json\/wp\/v2\/comments?post=52070"}],"wp:featuredmedia":[{"embeddable":true,"href":"https:\/\/stage.shop-cellularswiss.ch\/de\/wp-json\/wp\/v2\/media\/62660"}],"wp:attachment":[{"href":"https:\/\/stage.shop-cellularswiss.ch\/de\/wp-json\/wp\/v2\/media?parent=52070"}],"wp:term":[{"taxonomy":"pwb-brand","embeddable":true,"href":"https:\/\/stage.shop-cellularswiss.ch\/de\/wp-json\/wp\/v2\/pwb-brand?post=52070"},{"taxonomy":"product_cat","embeddable":true,"href":"https:\/\/stage.shop-cellularswiss.ch\/de\/wp-json\/wp\/v2\/product_cat?post=52070"},{"taxonomy":"product_tag","embeddable":true,"href":"https:\/\/stage.shop-cellularswiss.ch\/de\/wp-json\/wp\/v2\/product_tag?post=52070"},{"taxonomy":"compatibilite","embeddable":true,"href":"https:\/\/stage.shop-cellularswiss.ch\/de\/wp-json\/wp\/v2\/compatibilite?post=52070"},{"taxonomy":"compatibilite_smartphone","embeddable":true,"href":"https:\/\/stage.shop-cellularswiss.ch\/de\/wp-json\/wp\/v2\/compatibilite_smartphone?post=52070"}],"curies":[{"name":"wp","href":"https:\/\/api.w.org\/{rel}","templated":true}]}}