
{"id":52071,"date":"2021-03-20T14:08:55","date_gmt":"2021-03-20T13:08:55","guid":{"rendered":"https:\/\/stage.shop-cellularswiss.ch\/produit\/pilot-force-universal\/"},"modified":"2021-03-20T14:08:59","modified_gmt":"2021-03-20T13:08:59","slug":"pilot-force-universal","status":"publish","type":"product","link":"https:\/\/stage.shop-cellularswiss.ch\/de\/produit\/pilot-force-universal\/","title":{"rendered":"Pilot Force &#8211; Universal"},"content":{"rendered":"<p>Pilot Force ist die Magnethalterung f\u00fcr das Auto der neuesten Generation, die mit der exklusiven Magnettechnologie Mag4 geschaffen wurde, die sie sicher, solide, einfach und stabil macht. Dank des Supergrip-Saugnapfes kann sie leicht an der Windschutzscheibe oder am Armaturenbrett befestigt werden und garantiert die vollst\u00e4ndige Integration zwischen Halterung und Fahrzeug. Das selbstklebende Metallpl\u00e4ttchen ist in zwei unterschiedlichen Formaten erh\u00e4ltlich und kann auf der R\u00fcckseite des Telefons, in der Schutzh\u00fclle oder im Akku-Fach angebracht werden. Pilot Force ist eine sichere Halterung, da sie garantiert, dass keinerlei Interferenzen mit dem Telefon vorhanden sind: Dank seiner vier Pole mit entgegengesetzter Beschaffenheit konzentriert der Magnet seine Kraft auf das selbstklebende Metallpl\u00e4ttchen, ohne es zu durchdringen.<\/p>\n","protected":false},"excerpt":{"rendered":"<p>Stabile und sichere Magnethalterung f\u00fcr das Auto<\/p>\n","protected":false},"featured_media":55630,"comment_status":"closed","ping_status":"open","template":"","meta":{"_et_pb_use_builder":"","_et_pb_old_content":"","_et_gb_content_width":""},"pwb-brand":[],"product_cat":[3853,1781],"product_tag":[],"compatibilite":[],"compatibilite_smartphone":[],"brands":[],"_links":{"self":[{"href":"https:\/\/stage.shop-cellularswiss.ch\/de\/wp-json\/wp\/v2\/product\/52071"}],"collection":[{"href":"https:\/\/stage.shop-cellularswiss.ch\/de\/wp-json\/wp\/v2\/product"}],"about":[{"href":"https:\/\/stage.shop-cellularswiss.ch\/de\/wp-json\/wp\/v2\/types\/product"}],"replies":[{"embeddable":true,"href":"https:\/\/stage.shop-cellularswiss.ch\/de\/wp-json\/wp\/v2\/comments?post=52071"}],"wp:featuredmedia":[{"embeddable":true,"href":"https:\/\/stage.shop-cellularswiss.ch\/de\/wp-json\/wp\/v2\/media\/55630"}],"wp:attachment":[{"href":"https:\/\/stage.shop-cellularswiss.ch\/de\/wp-json\/wp\/v2\/media?parent=52071"}],"wp:term":[{"taxonomy":"pwb-brand","embeddable":true,"href":"https:\/\/stage.shop-cellularswiss.ch\/de\/wp-json\/wp\/v2\/pwb-brand?post=52071"},{"taxonomy":"product_cat","embeddable":true,"href":"https:\/\/stage.shop-cellularswiss.ch\/de\/wp-json\/wp\/v2\/product_cat?post=52071"},{"taxonomy":"product_tag","embeddable":true,"href":"https:\/\/stage.shop-cellularswiss.ch\/de\/wp-json\/wp\/v2\/product_tag?post=52071"},{"taxonomy":"compatibilite","embeddable":true,"href":"https:\/\/stage.shop-cellularswiss.ch\/de\/wp-json\/wp\/v2\/compatibilite?post=52071"},{"taxonomy":"compatibilite_smartphone","embeddable":true,"href":"https:\/\/stage.shop-cellularswiss.ch\/de\/wp-json\/wp\/v2\/compatibilite_smartphone?post=52071"}],"curies":[{"name":"wp","href":"https:\/\/api.w.org\/{rel}","templated":true}]}}