
{"id":52072,"date":"2021-03-20T11:24:35","date_gmt":"2021-03-20T13:08:59","guid":{"rendered":"https:\/\/stage.shop-cellularswiss.ch\/produit\/pilot-force-wireless-wireless-smartphones\/"},"modified":"2021-03-20T14:09:00","modified_gmt":"2021-03-20T13:09:00","slug":"pilot-force-wireless-wireless-smartphones","status":"publish","type":"product","link":"https:\/\/stage.shop-cellularswiss.ch\/de\/produit\/pilot-force-wireless-wireless-smartphones\/","title":{"rendered":"Pilot Force Wireless &#8211; Wireless Smartphones"},"content":{"rendered":"<p>Pilot Force Wireless ist die magnetische Mag4-Halterung f\u00fcr das Auto und ausger\u00fcstet mit der kabellosen Qi-Aufladung: der kabellosen Schnellaufladung aller kompatiblen Ger\u00e4te ohne Unterbrechungen oder \u00dcberhitzung dank der exklusiven Technologie Wideactive\u2122 1 mit einer Spule. Kann mit dem Supergrip-Saugnapf an Armaturenbrett oder Windschutzscheibe angebracht werden Sicher &#8211; Keine Interferenzen mit dem Telefon: durch die Konfiguration richtet der Magnet die Kraft auf das Pl\u00e4ttchen, ohne es zu durchdringen. Fest \u2013 H\u00e4lt mit seiner Kraft auch das schwerste Telefon. Einfach \u2013 Es reicht aus, das Metallpl\u00e4ttchen am Telefon anzubringen oder dieses zwischen Telefon und Schutzh\u00fclle einzuf\u00fcgen, um das Telefon f\u00fcr das MAG4-System vorzubereiten. Stabil \u2013 Erm\u00f6glicht die vollst\u00e4ndige Integration zwischen Halterung und Fahrzeug.<\/p>\n","protected":false},"excerpt":{"rendered":"<p>Magnetische Smartphonehalterung f\u00fcr das Auto mit kabelloser Aufladung<\/p>\n","protected":false},"featured_media":62664,"comment_status":"closed","ping_status":"closed","template":"","meta":{"_et_pb_use_builder":"","_et_pb_old_content":"","_et_gb_content_width":""},"pwb-brand":[],"product_cat":[3853,1781],"product_tag":[],"compatibilite":[],"compatibilite_smartphone":[],"brands":[],"_links":{"self":[{"href":"https:\/\/stage.shop-cellularswiss.ch\/de\/wp-json\/wp\/v2\/product\/52072"}],"collection":[{"href":"https:\/\/stage.shop-cellularswiss.ch\/de\/wp-json\/wp\/v2\/product"}],"about":[{"href":"https:\/\/stage.shop-cellularswiss.ch\/de\/wp-json\/wp\/v2\/types\/product"}],"replies":[{"embeddable":true,"href":"https:\/\/stage.shop-cellularswiss.ch\/de\/wp-json\/wp\/v2\/comments?post=52072"}],"wp:featuredmedia":[{"embeddable":true,"href":"https:\/\/stage.shop-cellularswiss.ch\/de\/wp-json\/wp\/v2\/media\/62664"}],"wp:attachment":[{"href":"https:\/\/stage.shop-cellularswiss.ch\/de\/wp-json\/wp\/v2\/media?parent=52072"}],"wp:term":[{"taxonomy":"pwb-brand","embeddable":true,"href":"https:\/\/stage.shop-cellularswiss.ch\/de\/wp-json\/wp\/v2\/pwb-brand?post=52072"},{"taxonomy":"product_cat","embeddable":true,"href":"https:\/\/stage.shop-cellularswiss.ch\/de\/wp-json\/wp\/v2\/product_cat?post=52072"},{"taxonomy":"product_tag","embeddable":true,"href":"https:\/\/stage.shop-cellularswiss.ch\/de\/wp-json\/wp\/v2\/product_tag?post=52072"},{"taxonomy":"compatibilite","embeddable":true,"href":"https:\/\/stage.shop-cellularswiss.ch\/de\/wp-json\/wp\/v2\/compatibilite?post=52072"},{"taxonomy":"compatibilite_smartphone","embeddable":true,"href":"https:\/\/stage.shop-cellularswiss.ch\/de\/wp-json\/wp\/v2\/compatibilite_smartphone?post=52072"}],"curies":[{"name":"wp","href":"https:\/\/api.w.org\/{rel}","templated":true}]}}