
{"id":52073,"date":"2021-03-20T14:08:59","date_gmt":"2021-03-20T13:08:59","guid":{"rendered":"https:\/\/stage.shop-cellularswiss.ch\/produit\/pilot-instant-wireless-wireless-smartphones\/"},"modified":"2021-03-20T14:09:03","modified_gmt":"2021-03-20T13:09:03","slug":"pilot-instant-wireless-wireless-smartphones","status":"publish","type":"product","link":"https:\/\/stage.shop-cellularswiss.ch\/de\/produit\/pilot-instant-wireless-wireless-smartphones\/","title":{"rendered":"Pilot Instant Wireless &#8211; Wireless Smartphones"},"content":{"rendered":"<p>Pilot Instant Wireless ist die elektronische und automatische Smartphonehalterung f\u00fcr das Auto mit Wireless Qi-Ladetechnologie: Sie l\u00e4dt kompatible Ger\u00e4te schnell und kabellos ohne Unterbrechungen oder \u00dcberhitzung auf. Pilot Instant Wireless ist zudem mit einem innovativen System zum elektronischen \u00d6ffnen und Schlie\u00dfen ausgestattet: Ein Sensor \u00f6ffnet und schlie\u00dft die Halterung und macht das Einsetzen und Entfernen des Smartphones extrem einfach.<\/p>\n","protected":false},"excerpt":{"rendered":"<p>Elektronische Smartphonehalterung f\u00fcr das Auto mit kabelloser Aufladung<\/p>\n","protected":false},"featured_media":55554,"comment_status":"closed","ping_status":"open","template":"","meta":{"_et_pb_use_builder":"","_et_pb_old_content":"","_et_gb_content_width":""},"pwb-brand":[],"product_cat":[3853,1781],"product_tag":[],"compatibilite":[],"compatibilite_smartphone":[],"brands":[],"_links":{"self":[{"href":"https:\/\/stage.shop-cellularswiss.ch\/de\/wp-json\/wp\/v2\/product\/52073"}],"collection":[{"href":"https:\/\/stage.shop-cellularswiss.ch\/de\/wp-json\/wp\/v2\/product"}],"about":[{"href":"https:\/\/stage.shop-cellularswiss.ch\/de\/wp-json\/wp\/v2\/types\/product"}],"replies":[{"embeddable":true,"href":"https:\/\/stage.shop-cellularswiss.ch\/de\/wp-json\/wp\/v2\/comments?post=52073"}],"wp:featuredmedia":[{"embeddable":true,"href":"https:\/\/stage.shop-cellularswiss.ch\/de\/wp-json\/wp\/v2\/media\/55554"}],"wp:attachment":[{"href":"https:\/\/stage.shop-cellularswiss.ch\/de\/wp-json\/wp\/v2\/media?parent=52073"}],"wp:term":[{"taxonomy":"pwb-brand","embeddable":true,"href":"https:\/\/stage.shop-cellularswiss.ch\/de\/wp-json\/wp\/v2\/pwb-brand?post=52073"},{"taxonomy":"product_cat","embeddable":true,"href":"https:\/\/stage.shop-cellularswiss.ch\/de\/wp-json\/wp\/v2\/product_cat?post=52073"},{"taxonomy":"product_tag","embeddable":true,"href":"https:\/\/stage.shop-cellularswiss.ch\/de\/wp-json\/wp\/v2\/product_tag?post=52073"},{"taxonomy":"compatibilite","embeddable":true,"href":"https:\/\/stage.shop-cellularswiss.ch\/de\/wp-json\/wp\/v2\/compatibilite?post=52073"},{"taxonomy":"compatibilite_smartphone","embeddable":true,"href":"https:\/\/stage.shop-cellularswiss.ch\/de\/wp-json\/wp\/v2\/compatibilite_smartphone?post=52073"}],"curies":[{"name":"wp","href":"https:\/\/api.w.org\/{rel}","templated":true}]}}