
{"id":52074,"date":"2021-03-20T11:24:40","date_gmt":"2021-03-20T13:09:02","guid":{"rendered":"https:\/\/stage.shop-cellularswiss.ch\/produit\/pilot-techno-universal\/"},"modified":"2021-03-20T14:09:03","modified_gmt":"2021-03-20T13:09:03","slug":"pilot-techno-universal","status":"publish","type":"product","link":"https:\/\/stage.shop-cellularswiss.ch\/de\/produit\/pilot-techno-universal\/","title":{"rendered":"Pilot Techno &#8211; Universal"},"content":{"rendered":"<p>Autohalterung f\u00fcr Smartphones und Mobiltelefone mit Supergrip-Saugnapf f\u00fcr maximale Haftung an Windschutzscheibe oder Armaturenbrett. Dank unabh\u00e4ngiger Drehf\u00fc\u00dfe und servounterst\u00fctzter Fl\u00fcgel wird das Ger\u00e4t sicher und ohne Behinderung der Kontakte befestigt.<\/p>\n","protected":false},"excerpt":{"rendered":"<p>Autohalterung f\u00fcr Smartphones mit Supergrip-Saugnapf<\/p>\n","protected":false},"featured_media":56474,"comment_status":"closed","ping_status":"closed","template":"","meta":{"_et_pb_use_builder":"","_et_pb_old_content":"","_et_gb_content_width":""},"pwb-brand":[],"product_cat":[3853,1781],"product_tag":[],"compatibilite":[],"compatibilite_smartphone":[4378,4356,4359,4377,4364,4379,4353,4374,4372,4449,4447,4380,4362,4448,4358,4433,4434,4367,4385,4388,4396,4394,4395,4393,4412,4397],"brands":[],"_links":{"self":[{"href":"https:\/\/stage.shop-cellularswiss.ch\/de\/wp-json\/wp\/v2\/product\/52074"}],"collection":[{"href":"https:\/\/stage.shop-cellularswiss.ch\/de\/wp-json\/wp\/v2\/product"}],"about":[{"href":"https:\/\/stage.shop-cellularswiss.ch\/de\/wp-json\/wp\/v2\/types\/product"}],"replies":[{"embeddable":true,"href":"https:\/\/stage.shop-cellularswiss.ch\/de\/wp-json\/wp\/v2\/comments?post=52074"}],"wp:featuredmedia":[{"embeddable":true,"href":"https:\/\/stage.shop-cellularswiss.ch\/de\/wp-json\/wp\/v2\/media\/56474"}],"wp:attachment":[{"href":"https:\/\/stage.shop-cellularswiss.ch\/de\/wp-json\/wp\/v2\/media?parent=52074"}],"wp:term":[{"taxonomy":"pwb-brand","embeddable":true,"href":"https:\/\/stage.shop-cellularswiss.ch\/de\/wp-json\/wp\/v2\/pwb-brand?post=52074"},{"taxonomy":"product_cat","embeddable":true,"href":"https:\/\/stage.shop-cellularswiss.ch\/de\/wp-json\/wp\/v2\/product_cat?post=52074"},{"taxonomy":"product_tag","embeddable":true,"href":"https:\/\/stage.shop-cellularswiss.ch\/de\/wp-json\/wp\/v2\/product_tag?post=52074"},{"taxonomy":"compatibilite","embeddable":true,"href":"https:\/\/stage.shop-cellularswiss.ch\/de\/wp-json\/wp\/v2\/compatibilite?post=52074"},{"taxonomy":"compatibilite_smartphone","embeddable":true,"href":"https:\/\/stage.shop-cellularswiss.ch\/de\/wp-json\/wp\/v2\/compatibilite_smartphone?post=52074"}],"curies":[{"name":"wp","href":"https:\/\/api.w.org\/{rel}","templated":true}]}}