
{"id":52077,"date":"2021-03-20T11:24:46","date_gmt":"2021-03-20T13:09:05","guid":{"rendered":"https:\/\/stage.shop-cellularswiss.ch\/produit\/ploos-dual-usb-car-adapter-2a-universal\/"},"modified":"2021-03-20T14:09:09","modified_gmt":"2021-03-20T13:09:09","slug":"ploos-dual-usb-car-adapter-2a-universal","status":"publish","type":"product","link":"https:\/\/stage.shop-cellularswiss.ch\/de\/produit\/ploos-dual-usb-car-adapter-2a-universal\/","title":{"rendered":"PLOOS &#8211; DUAL USB CAR ADAPTER 2A &#8211; Universal"},"content":{"rendered":"<p>DUAL USB CAR ADAPTER 2A ist ein Ladeger\u00e4t mit zwei Buchsen, das eine sichere Grundaufladung f\u00fcr bis zu zwei Ger\u00e4te gleichzeitig mit einem Output von 2 A bietet.<\/p>\n","protected":false},"excerpt":{"rendered":"<p>Akkuladeger\u00e4t f\u00fcr das Auto mit zwei USB-Buchsen<\/p>\n","protected":false},"featured_media":54466,"comment_status":"closed","ping_status":"closed","template":"","meta":{"_et_pb_use_builder":"","_et_pb_old_content":"","_et_gb_content_width":""},"pwb-brand":[],"product_cat":[3848,1781],"product_tag":[],"compatibilite":[],"compatibilite_smartphone":[4388,4386,4390,4395,4398,4392,4391],"brands":[],"_links":{"self":[{"href":"https:\/\/stage.shop-cellularswiss.ch\/de\/wp-json\/wp\/v2\/product\/52077"}],"collection":[{"href":"https:\/\/stage.shop-cellularswiss.ch\/de\/wp-json\/wp\/v2\/product"}],"about":[{"href":"https:\/\/stage.shop-cellularswiss.ch\/de\/wp-json\/wp\/v2\/types\/product"}],"replies":[{"embeddable":true,"href":"https:\/\/stage.shop-cellularswiss.ch\/de\/wp-json\/wp\/v2\/comments?post=52077"}],"wp:featuredmedia":[{"embeddable":true,"href":"https:\/\/stage.shop-cellularswiss.ch\/de\/wp-json\/wp\/v2\/media\/54466"}],"wp:attachment":[{"href":"https:\/\/stage.shop-cellularswiss.ch\/de\/wp-json\/wp\/v2\/media?parent=52077"}],"wp:term":[{"taxonomy":"pwb-brand","embeddable":true,"href":"https:\/\/stage.shop-cellularswiss.ch\/de\/wp-json\/wp\/v2\/pwb-brand?post=52077"},{"taxonomy":"product_cat","embeddable":true,"href":"https:\/\/stage.shop-cellularswiss.ch\/de\/wp-json\/wp\/v2\/product_cat?post=52077"},{"taxonomy":"product_tag","embeddable":true,"href":"https:\/\/stage.shop-cellularswiss.ch\/de\/wp-json\/wp\/v2\/product_tag?post=52077"},{"taxonomy":"compatibilite","embeddable":true,"href":"https:\/\/stage.shop-cellularswiss.ch\/de\/wp-json\/wp\/v2\/compatibilite?post=52077"},{"taxonomy":"compatibilite_smartphone","embeddable":true,"href":"https:\/\/stage.shop-cellularswiss.ch\/de\/wp-json\/wp\/v2\/compatibilite_smartphone?post=52077"}],"curies":[{"name":"wp","href":"https:\/\/api.w.org\/{rel}","templated":true}]}}