
{"id":52094,"date":"2021-03-20T11:25:23","date_gmt":"2021-03-20T13:09:33","guid":{"rendered":"https:\/\/stage.shop-cellularswiss.ch\/produit\/ploos-usb-adapter-18w-universal\/"},"modified":"2021-03-20T14:09:35","modified_gmt":"2021-03-20T13:09:35","slug":"ploos-usb-adapter-18w-universal","status":"publish","type":"product","link":"https:\/\/stage.shop-cellularswiss.ch\/de\/produit\/ploos-usb-adapter-18w-universal\/","title":{"rendered":"PLOOS &#8211; USB ADAPTER 18W &#8211; Universal"},"content":{"rendered":"<p>USB ADAPTER 18W ist ein praktisches und kompaktes Netzladeger\u00e4t mit einem Output von 18 W. Bietet sichere Schnellaufladung f\u00fcr alle Smartphones und Tablets, einschlie\u00dflich der mit 1A-, 2A-Aufladung und adaptiver Ladetechnologie Qualcomm\u00ae Quick Charge\u2122 kompatiblen Ger\u00e4te. Es gibt keinerlei Abmachung, Lizenz oder Verbindung zwischen Cellularline S.p.A. und den in den Texten und Bildern dieser Website angegebenen Markeninhabern und Namen. Alle Telefonmarken, -namen und -modelle sind Eigentum der jeweiligen Inhaber. Qualcomm is a trademark of Qualcomm Incorporated, registered in the United States and other countries. Quick Charge is a trademark of Qualcomm Incorporated. Qualcomm Quick Charge is a product of Qualcomm Technologies, Inc. and\/or its subsidiaries.<\/p>\n","protected":false},"excerpt":{"rendered":"<p>Adaptives Netzladeger\u00e4t 18W<\/p>\n","protected":false},"featured_media":54398,"comment_status":"closed","ping_status":"closed","template":"","meta":{"_et_pb_use_builder":"","_et_pb_old_content":"","_et_gb_content_width":""},"pwb-brand":[],"product_cat":[1781,1784],"product_tag":[],"compatibilite":[],"compatibilite_smartphone":[4388,4386,4387,4390,4415,4402,4396,4406,4414,4405,4408,4394,4403,4407,4404,4410,4422,4409,4423,4401,4400,4431,4425,4424,4429,4430,4393,4412,4397,4416,4411,4426,4392,4391],"brands":[],"_links":{"self":[{"href":"https:\/\/stage.shop-cellularswiss.ch\/de\/wp-json\/wp\/v2\/product\/52094"}],"collection":[{"href":"https:\/\/stage.shop-cellularswiss.ch\/de\/wp-json\/wp\/v2\/product"}],"about":[{"href":"https:\/\/stage.shop-cellularswiss.ch\/de\/wp-json\/wp\/v2\/types\/product"}],"replies":[{"embeddable":true,"href":"https:\/\/stage.shop-cellularswiss.ch\/de\/wp-json\/wp\/v2\/comments?post=52094"}],"wp:featuredmedia":[{"embeddable":true,"href":"https:\/\/stage.shop-cellularswiss.ch\/de\/wp-json\/wp\/v2\/media\/54398"}],"wp:attachment":[{"href":"https:\/\/stage.shop-cellularswiss.ch\/de\/wp-json\/wp\/v2\/media?parent=52094"}],"wp:term":[{"taxonomy":"pwb-brand","embeddable":true,"href":"https:\/\/stage.shop-cellularswiss.ch\/de\/wp-json\/wp\/v2\/pwb-brand?post=52094"},{"taxonomy":"product_cat","embeddable":true,"href":"https:\/\/stage.shop-cellularswiss.ch\/de\/wp-json\/wp\/v2\/product_cat?post=52094"},{"taxonomy":"product_tag","embeddable":true,"href":"https:\/\/stage.shop-cellularswiss.ch\/de\/wp-json\/wp\/v2\/product_tag?post=52094"},{"taxonomy":"compatibilite","embeddable":true,"href":"https:\/\/stage.shop-cellularswiss.ch\/de\/wp-json\/wp\/v2\/compatibilite?post=52094"},{"taxonomy":"compatibilite_smartphone","embeddable":true,"href":"https:\/\/stage.shop-cellularswiss.ch\/de\/wp-json\/wp\/v2\/compatibilite_smartphone?post=52094"}],"curies":[{"name":"wp","href":"https:\/\/api.w.org\/{rel}","templated":true}]}}