
{"id":52098,"date":"2021-03-20T14:09:40","date_gmt":"2021-03-20T13:09:40","guid":{"rendered":"https:\/\/stage.shop-cellularswiss.ch\/produit\/ploos-usb-car-charger-18w-qc3-universal\/"},"modified":"2021-03-20T14:09:41","modified_gmt":"2021-03-20T13:09:41","slug":"ploos-usb-car-charger-18w-qc3-universal","status":"publish","type":"product","link":"https:\/\/stage.shop-cellularswiss.ch\/de\/produit\/ploos-usb-car-charger-18w-qc3-universal\/","title":{"rendered":"PLOOS &#8211; USB CAR CHARGER 18W QC3 &#8211; Universal"},"content":{"rendered":"<p>USB CAR ADAPTER 18W ist ein praktisches und kompaktes Autoladeger\u00e4t mit einem Output von 18 W. Bietet sichere Schnellaufladung f\u00fcr alle Smartphones und Tablets, einschlie\u00dflich der mit 1A-, 2A-Aufladung und adaptiver Ladetechnologie kompatiblen Ger\u00e4te.<\/p>\n","protected":false},"excerpt":{"rendered":"<p>Adaptives Autoladeger\u00e4t 18W<\/p>\n","protected":false},"featured_media":54442,"comment_status":"closed","ping_status":"open","template":"","meta":{"_et_pb_use_builder":"","_et_pb_old_content":"","_et_gb_content_width":""},"pwb-brand":[],"product_cat":[3848,1781],"product_tag":[],"compatibilite":[],"compatibilite_smartphone":[4388,4386,4387,4390,4402,4396,4406,4414,4405,4408,4394,4403,4407,4404,4410,4422,4409,4423,4401,4400,4431,4425,4424,4429,4430,4393,4412,4397,4411,4426,4392,4391],"brands":[],"_links":{"self":[{"href":"https:\/\/stage.shop-cellularswiss.ch\/de\/wp-json\/wp\/v2\/product\/52098"}],"collection":[{"href":"https:\/\/stage.shop-cellularswiss.ch\/de\/wp-json\/wp\/v2\/product"}],"about":[{"href":"https:\/\/stage.shop-cellularswiss.ch\/de\/wp-json\/wp\/v2\/types\/product"}],"replies":[{"embeddable":true,"href":"https:\/\/stage.shop-cellularswiss.ch\/de\/wp-json\/wp\/v2\/comments?post=52098"}],"wp:featuredmedia":[{"embeddable":true,"href":"https:\/\/stage.shop-cellularswiss.ch\/de\/wp-json\/wp\/v2\/media\/54442"}],"wp:attachment":[{"href":"https:\/\/stage.shop-cellularswiss.ch\/de\/wp-json\/wp\/v2\/media?parent=52098"}],"wp:term":[{"taxonomy":"pwb-brand","embeddable":true,"href":"https:\/\/stage.shop-cellularswiss.ch\/de\/wp-json\/wp\/v2\/pwb-brand?post=52098"},{"taxonomy":"product_cat","embeddable":true,"href":"https:\/\/stage.shop-cellularswiss.ch\/de\/wp-json\/wp\/v2\/product_cat?post=52098"},{"taxonomy":"product_tag","embeddable":true,"href":"https:\/\/stage.shop-cellularswiss.ch\/de\/wp-json\/wp\/v2\/product_tag?post=52098"},{"taxonomy":"compatibilite","embeddable":true,"href":"https:\/\/stage.shop-cellularswiss.ch\/de\/wp-json\/wp\/v2\/compatibilite?post=52098"},{"taxonomy":"compatibilite_smartphone","embeddable":true,"href":"https:\/\/stage.shop-cellularswiss.ch\/de\/wp-json\/wp\/v2\/compatibilite_smartphone?post=52098"}],"curies":[{"name":"wp","href":"https:\/\/api.w.org\/{rel}","templated":true}]}}