
{"id":52099,"date":"2021-03-20T11:25:34","date_gmt":"2021-03-20T13:09:40","guid":{"rendered":"https:\/\/stage.shop-cellularswiss.ch\/produit\/ploos-usb-car-charger-2a-universale\/"},"modified":"2021-03-20T14:09:44","modified_gmt":"2021-03-20T13:09:44","slug":"ploos-usb-car-charger-2a-universale","status":"publish","type":"product","link":"https:\/\/stage.shop-cellularswiss.ch\/de\/produit\/ploos-usb-car-charger-2a-universale\/","title":{"rendered":"PLOOS &#8211; USB Car Charger 2A &#8211; Universale"},"content":{"rendered":"<p>USB CAR ADAPTER 2A ist ein praktisches und kompaktes Autoladeger\u00e4t mit einem Output von 2 A, das eine sichere Schnellaufladung f\u00fcr Smartphones und Tablets bietet, die mit der 1A- und 2A-Ladetechnologie ausgestattet sind, und Grundaufladung f\u00fcr Smartphones der oberen Preisklasse.<\/p>\n","protected":false},"excerpt":{"rendered":"<p>Autoladeger\u00e4t 2 A<\/p>\n","protected":false},"featured_media":54434,"comment_status":"closed","ping_status":"closed","template":"","meta":{"_et_pb_use_builder":"","_et_pb_old_content":"","_et_gb_content_width":""},"pwb-brand":[],"product_cat":[3848,1781],"product_tag":[],"compatibilite":[],"compatibilite_smartphone":[4388,4386,4390,4395,4398,4392,4391],"brands":[],"_links":{"self":[{"href":"https:\/\/stage.shop-cellularswiss.ch\/de\/wp-json\/wp\/v2\/product\/52099"}],"collection":[{"href":"https:\/\/stage.shop-cellularswiss.ch\/de\/wp-json\/wp\/v2\/product"}],"about":[{"href":"https:\/\/stage.shop-cellularswiss.ch\/de\/wp-json\/wp\/v2\/types\/product"}],"replies":[{"embeddable":true,"href":"https:\/\/stage.shop-cellularswiss.ch\/de\/wp-json\/wp\/v2\/comments?post=52099"}],"wp:featuredmedia":[{"embeddable":true,"href":"https:\/\/stage.shop-cellularswiss.ch\/de\/wp-json\/wp\/v2\/media\/54434"}],"wp:attachment":[{"href":"https:\/\/stage.shop-cellularswiss.ch\/de\/wp-json\/wp\/v2\/media?parent=52099"}],"wp:term":[{"taxonomy":"pwb-brand","embeddable":true,"href":"https:\/\/stage.shop-cellularswiss.ch\/de\/wp-json\/wp\/v2\/pwb-brand?post=52099"},{"taxonomy":"product_cat","embeddable":true,"href":"https:\/\/stage.shop-cellularswiss.ch\/de\/wp-json\/wp\/v2\/product_cat?post=52099"},{"taxonomy":"product_tag","embeddable":true,"href":"https:\/\/stage.shop-cellularswiss.ch\/de\/wp-json\/wp\/v2\/product_tag?post=52099"},{"taxonomy":"compatibilite","embeddable":true,"href":"https:\/\/stage.shop-cellularswiss.ch\/de\/wp-json\/wp\/v2\/compatibilite?post=52099"},{"taxonomy":"compatibilite_smartphone","embeddable":true,"href":"https:\/\/stage.shop-cellularswiss.ch\/de\/wp-json\/wp\/v2\/compatibilite_smartphone?post=52099"}],"curies":[{"name":"wp","href":"https:\/\/api.w.org\/{rel}","templated":true}]}}