
{"id":52101,"date":"2021-03-20T11:25:39","date_gmt":"2021-03-20T13:09:43","guid":{"rendered":"https:\/\/stage.shop-cellularswiss.ch\/produit\/ploos-usb-car-kit-adapter-1a-lightning-universal\/"},"modified":"2021-03-20T14:09:47","modified_gmt":"2021-03-20T13:09:47","slug":"ploos-usb-car-kit-adapter-1a-lightning-universal","status":"publish","type":"product","link":"https:\/\/stage.shop-cellularswiss.ch\/de\/produit\/ploos-usb-car-kit-adapter-1a-lightning-universal\/","title":{"rendered":"PLOOS &#8211; USB CAR KIT ADAPTER 1A &#8211; Lightning -Universal"},"content":{"rendered":"<p>USB CAR KIT ADAPTER 1A ist ein praktisches und kompaktes Netzladeger\u00e4t mit einem Output von 1A, das eine sichere Grundaufladung f\u00fcr iPhones bietet. Ein Lightning-Kabel mit einer L\u00e4nge von 100 cm ist im Lieferumfang enthalten. *iPhone 8 und sp\u00e4tere Modelle sowie das iPad Pro (2018) k\u00f6nnen noch schneller mit USB-C-Ladeger\u00e4ten mit 18 W geladen werden.<\/p>\n","protected":false},"excerpt":{"rendered":"<p>Autoladeger\u00e4t 1 A mit Lightning-Kabel<\/p>\n","protected":false},"featured_media":54458,"comment_status":"closed","ping_status":"closed","template":"","meta":{"_et_pb_use_builder":"","_et_pb_old_content":"","_et_gb_content_width":""},"pwb-brand":[],"product_cat":[3848,1781],"product_tag":[],"compatibilite":[],"compatibilite_smartphone":[4437,4359,4377,4364,4379,4353,4374,4372,4449,4447,4380,4362,4448,4440,4358,4367,4465,4468],"brands":[],"_links":{"self":[{"href":"https:\/\/stage.shop-cellularswiss.ch\/de\/wp-json\/wp\/v2\/product\/52101"}],"collection":[{"href":"https:\/\/stage.shop-cellularswiss.ch\/de\/wp-json\/wp\/v2\/product"}],"about":[{"href":"https:\/\/stage.shop-cellularswiss.ch\/de\/wp-json\/wp\/v2\/types\/product"}],"replies":[{"embeddable":true,"href":"https:\/\/stage.shop-cellularswiss.ch\/de\/wp-json\/wp\/v2\/comments?post=52101"}],"wp:featuredmedia":[{"embeddable":true,"href":"https:\/\/stage.shop-cellularswiss.ch\/de\/wp-json\/wp\/v2\/media\/54458"}],"wp:attachment":[{"href":"https:\/\/stage.shop-cellularswiss.ch\/de\/wp-json\/wp\/v2\/media?parent=52101"}],"wp:term":[{"taxonomy":"pwb-brand","embeddable":true,"href":"https:\/\/stage.shop-cellularswiss.ch\/de\/wp-json\/wp\/v2\/pwb-brand?post=52101"},{"taxonomy":"product_cat","embeddable":true,"href":"https:\/\/stage.shop-cellularswiss.ch\/de\/wp-json\/wp\/v2\/product_cat?post=52101"},{"taxonomy":"product_tag","embeddable":true,"href":"https:\/\/stage.shop-cellularswiss.ch\/de\/wp-json\/wp\/v2\/product_tag?post=52101"},{"taxonomy":"compatibilite","embeddable":true,"href":"https:\/\/stage.shop-cellularswiss.ch\/de\/wp-json\/wp\/v2\/compatibilite?post=52101"},{"taxonomy":"compatibilite_smartphone","embeddable":true,"href":"https:\/\/stage.shop-cellularswiss.ch\/de\/wp-json\/wp\/v2\/compatibilite_smartphone?post=52101"}],"curies":[{"name":"wp","href":"https:\/\/api.w.org\/{rel}","templated":true}]}}