
{"id":52106,"date":"2021-03-20T11:25:50","date_gmt":"2021-03-20T13:09:53","guid":{"rendered":"https:\/\/stage.shop-cellularswiss.ch\/produit\/ploos-usb-kit-adapter-1a-lightning-universal\/"},"modified":"2021-03-20T14:09:55","modified_gmt":"2021-03-20T13:09:55","slug":"ploos-usb-kit-adapter-1a-lightning-universal","status":"publish","type":"product","link":"https:\/\/stage.shop-cellularswiss.ch\/de\/produit\/ploos-usb-kit-adapter-1a-lightning-universal\/","title":{"rendered":"PLOOS &#8211; USB KIT ADAPTER 1A &#8211; Lightning &#8211; Universal"},"content":{"rendered":"<p>USB KIT ADAPTER 1A ist ein praktisches und kompaktes Netzladeger\u00e4t mit einem Output von 1 A, das eine sichere Grundaufladung f\u00fcr iPhones bietet. Ein Lightning-Kabel mit einer L\u00e4nge von 100 cm ist im Lieferumfang enthalten. *iPhone 8 und sp\u00e4tere Modelle sowie das iPad Pro (2018) k\u00f6nnen noch schneller mit USB-C-Ladeger\u00e4ten mit 18 W geladen werden.<\/p>\n","protected":false},"excerpt":{"rendered":"<p>Netzladeger\u00e4t 1 A mit Lightning-Kabel<\/p>\n","protected":false},"featured_media":54418,"comment_status":"closed","ping_status":"closed","template":"","meta":{"_et_pb_use_builder":"","_et_pb_old_content":"","_et_gb_content_width":""},"pwb-brand":[],"product_cat":[1781,1784],"product_tag":[],"compatibilite":[],"compatibilite_smartphone":[4468],"brands":[],"_links":{"self":[{"href":"https:\/\/stage.shop-cellularswiss.ch\/de\/wp-json\/wp\/v2\/product\/52106"}],"collection":[{"href":"https:\/\/stage.shop-cellularswiss.ch\/de\/wp-json\/wp\/v2\/product"}],"about":[{"href":"https:\/\/stage.shop-cellularswiss.ch\/de\/wp-json\/wp\/v2\/types\/product"}],"replies":[{"embeddable":true,"href":"https:\/\/stage.shop-cellularswiss.ch\/de\/wp-json\/wp\/v2\/comments?post=52106"}],"wp:featuredmedia":[{"embeddable":true,"href":"https:\/\/stage.shop-cellularswiss.ch\/de\/wp-json\/wp\/v2\/media\/54418"}],"wp:attachment":[{"href":"https:\/\/stage.shop-cellularswiss.ch\/de\/wp-json\/wp\/v2\/media?parent=52106"}],"wp:term":[{"taxonomy":"pwb-brand","embeddable":true,"href":"https:\/\/stage.shop-cellularswiss.ch\/de\/wp-json\/wp\/v2\/pwb-brand?post=52106"},{"taxonomy":"product_cat","embeddable":true,"href":"https:\/\/stage.shop-cellularswiss.ch\/de\/wp-json\/wp\/v2\/product_cat?post=52106"},{"taxonomy":"product_tag","embeddable":true,"href":"https:\/\/stage.shop-cellularswiss.ch\/de\/wp-json\/wp\/v2\/product_tag?post=52106"},{"taxonomy":"compatibilite","embeddable":true,"href":"https:\/\/stage.shop-cellularswiss.ch\/de\/wp-json\/wp\/v2\/compatibilite?post=52106"},{"taxonomy":"compatibilite_smartphone","embeddable":true,"href":"https:\/\/stage.shop-cellularswiss.ch\/de\/wp-json\/wp\/v2\/compatibilite_smartphone?post=52106"}],"curies":[{"name":"wp","href":"https:\/\/api.w.org\/{rel}","templated":true}]}}