
{"id":52108,"date":"2021-03-20T14:09:56","date_gmt":"2021-03-20T13:09:56","guid":{"rendered":"https:\/\/stage.shop-cellularswiss.ch\/produit\/ploos-usb-kit-adapter-2a-lightning-universal\/"},"modified":"2021-03-20T14:09:58","modified_gmt":"2021-03-20T13:09:58","slug":"ploos-usb-kit-adapter-2a-lightning-universal","status":"publish","type":"product","link":"https:\/\/stage.shop-cellularswiss.ch\/de\/produit\/ploos-usb-kit-adapter-2a-lightning-universal\/","title":{"rendered":"PLOOS &#8211; USB KIT ADAPTER 2A &#8211; Lightning &#8211; Universal"},"content":{"rendered":"<p>USB KIT ADAPTER 2A ist ein praktisches und kompaktes Netzladeger\u00e4t mit einem Output von 2 A, das eine sichere Grundaufladung f\u00fcr iPhone und iPad bietet*. Ein Lightning-Kabel mit einer L\u00e4nge von 100 cm ist im Lieferumfang enthalten. *iPhone 8 und sp\u00e4tere Modelle k\u00f6nnen noch schneller mit USB-C-Ladeger\u00e4ten mit 18 W geladen werden.<\/p>\n","protected":false},"excerpt":{"rendered":"<p>Netzladeger\u00e4t 2 A mit Lightning-Kabel<\/p>\n","protected":false},"featured_media":54410,"comment_status":"closed","ping_status":"open","template":"","meta":{"_et_pb_use_builder":"","_et_pb_old_content":"","_et_gb_content_width":""},"pwb-brand":[],"product_cat":[1781,1784],"product_tag":[],"compatibilite":[],"compatibilite_smartphone":[4366,4354,4365,4376,4355,4383,4441,4357,4368,4373,4381,4382,4361,4450,4359,4377,4364,4379,4353,4374,4372,4449,4447,4448,4440,4367,4465,4468],"brands":[],"_links":{"self":[{"href":"https:\/\/stage.shop-cellularswiss.ch\/de\/wp-json\/wp\/v2\/product\/52108"}],"collection":[{"href":"https:\/\/stage.shop-cellularswiss.ch\/de\/wp-json\/wp\/v2\/product"}],"about":[{"href":"https:\/\/stage.shop-cellularswiss.ch\/de\/wp-json\/wp\/v2\/types\/product"}],"replies":[{"embeddable":true,"href":"https:\/\/stage.shop-cellularswiss.ch\/de\/wp-json\/wp\/v2\/comments?post=52108"}],"wp:featuredmedia":[{"embeddable":true,"href":"https:\/\/stage.shop-cellularswiss.ch\/de\/wp-json\/wp\/v2\/media\/54410"}],"wp:attachment":[{"href":"https:\/\/stage.shop-cellularswiss.ch\/de\/wp-json\/wp\/v2\/media?parent=52108"}],"wp:term":[{"taxonomy":"pwb-brand","embeddable":true,"href":"https:\/\/stage.shop-cellularswiss.ch\/de\/wp-json\/wp\/v2\/pwb-brand?post=52108"},{"taxonomy":"product_cat","embeddable":true,"href":"https:\/\/stage.shop-cellularswiss.ch\/de\/wp-json\/wp\/v2\/product_cat?post=52108"},{"taxonomy":"product_tag","embeddable":true,"href":"https:\/\/stage.shop-cellularswiss.ch\/de\/wp-json\/wp\/v2\/product_tag?post=52108"},{"taxonomy":"compatibilite","embeddable":true,"href":"https:\/\/stage.shop-cellularswiss.ch\/de\/wp-json\/wp\/v2\/compatibilite?post=52108"},{"taxonomy":"compatibilite_smartphone","embeddable":true,"href":"https:\/\/stage.shop-cellularswiss.ch\/de\/wp-json\/wp\/v2\/compatibilite_smartphone?post=52108"}],"curies":[{"name":"wp","href":"https:\/\/api.w.org\/{rel}","templated":true}]}}