
{"id":52124,"date":"2021-03-20T11:26:31","date_gmt":"2021-03-20T13:10:21","guid":{"rendered":"https:\/\/stage.shop-cellularswiss.ch\/produit\/plume\/"},"modified":"2021-03-20T14:10:28","modified_gmt":"2021-03-20T13:10:28","slug":"plume","status":"publish","type":"product","link":"https:\/\/stage.shop-cellularswiss.ch\/de\/produit\/plume\/","title":{"rendered":"Plume"},"content":{"rendered":"<p>Plume ist das Bluetooth\u00ae-Headset mit In-Ear-Kapseln in unsichtbarem Design f\u00fcr alle, die ihre Musik gerne bei voller Bewegungsfreiheit anh\u00f6ren. Die innovative True Wireless Stereo-Technologie erm\u00f6glicht das komplett schnurlose Verbinden der zwei H\u00f6rmuscheln miteinander f\u00fcr einen immersiven H\u00f6rgenuss. Dank der praktischen Ladeschutzh\u00fclle im Taschenformat kann das Headset zu jedem Zeitpunkt bis zu 3 aufeinander folgende Male f\u00fcr bis zu insgesamt 14 Stunden aufgeladen und nach dem Gebrauch praktisch und sicher verstaut werden.<\/p>\n","protected":false},"excerpt":{"rendered":"<p>Kabelloses In-Ear-Headset mit Charging Case<\/p>\n","protected":false},"featured_media":54746,"comment_status":"closed","ping_status":"closed","template":"","meta":{"_et_pb_use_builder":"","_et_pb_old_content":"","_et_gb_content_width":""},"pwb-brand":[],"product_cat":[472],"product_tag":[],"compatibilite":[],"compatibilite_smartphone":[],"brands":[],"_links":{"self":[{"href":"https:\/\/stage.shop-cellularswiss.ch\/de\/wp-json\/wp\/v2\/product\/52124"}],"collection":[{"href":"https:\/\/stage.shop-cellularswiss.ch\/de\/wp-json\/wp\/v2\/product"}],"about":[{"href":"https:\/\/stage.shop-cellularswiss.ch\/de\/wp-json\/wp\/v2\/types\/product"}],"replies":[{"embeddable":true,"href":"https:\/\/stage.shop-cellularswiss.ch\/de\/wp-json\/wp\/v2\/comments?post=52124"}],"wp:featuredmedia":[{"embeddable":true,"href":"https:\/\/stage.shop-cellularswiss.ch\/de\/wp-json\/wp\/v2\/media\/54746"}],"wp:attachment":[{"href":"https:\/\/stage.shop-cellularswiss.ch\/de\/wp-json\/wp\/v2\/media?parent=52124"}],"wp:term":[{"taxonomy":"pwb-brand","embeddable":true,"href":"https:\/\/stage.shop-cellularswiss.ch\/de\/wp-json\/wp\/v2\/pwb-brand?post=52124"},{"taxonomy":"product_cat","embeddable":true,"href":"https:\/\/stage.shop-cellularswiss.ch\/de\/wp-json\/wp\/v2\/product_cat?post=52124"},{"taxonomy":"product_tag","embeddable":true,"href":"https:\/\/stage.shop-cellularswiss.ch\/de\/wp-json\/wp\/v2\/product_tag?post=52124"},{"taxonomy":"compatibilite","embeddable":true,"href":"https:\/\/stage.shop-cellularswiss.ch\/de\/wp-json\/wp\/v2\/compatibilite?post=52124"},{"taxonomy":"compatibilite_smartphone","embeddable":true,"href":"https:\/\/stage.shop-cellularswiss.ch\/de\/wp-json\/wp\/v2\/compatibilite_smartphone?post=52124"}],"curies":[{"name":"wp","href":"https:\/\/api.w.org\/{rel}","templated":true}]}}