
{"id":52134,"date":"2021-03-20T11:26:54","date_gmt":"2021-03-20T13:10:37","guid":{"rendered":"https:\/\/stage.shop-cellularswiss.ch\/produit\/power-bank-slim-10000\/"},"modified":"2021-03-20T14:10:39","modified_gmt":"2021-03-20T13:10:39","slug":"power-bank-slim-10000","status":"publish","type":"product","link":"https:\/\/stage.shop-cellularswiss.ch\/de\/produit\/power-bank-slim-10000\/","title":{"rendered":"Power Bank SLIM 10000"},"content":{"rendered":"<p>Powerbank SLIM 10000 ist das ultraflache portable Akkuladeger\u00e4t, das mit einer Dicke von nur 20 mm schnelle Aufladung bietet und null Platz erfordert. Das ultraflache Design macht es perfekt f\u00fcr unterwegs, die ideale L\u00f6sung, die man stets bei sich haben kann. Das mit USB-C-Eingangsport ausgestattete Ger\u00e4t kann direkt mit den USB-C-Kabeln der Smartphones aufgeladen werden.<\/p>\n","protected":false},"excerpt":{"rendered":"<p>Ultrad\u00fcnnes portables Akkuladeger\u00e4t<\/p>\n","protected":false},"featured_media":62748,"comment_status":"closed","ping_status":"closed","template":"","meta":{"_et_pb_use_builder":"","_et_pb_old_content":"","_et_gb_content_width":""},"pwb-brand":[],"product_cat":[1781,1793],"product_tag":[],"compatibilite":[],"compatibilite_smartphone":[4366,4369,4469,4384,4363,4370,4354,4365,4376,4436,4443,4355,4383,4441,4357,4368,4373,4381,4417,4419,4382,4420,4418,4437,4446,4442,4445,4444,4378,4356,4359,4377,4364,4379,4353,4374,4372,4449,4447,4380,4362,4448,4440,4358,4435,4433,4434,4453,4371,4360,4367,4388,4386,4387,4390,4415,4402,4396,4406,4414,4405,4408,4394,4403,4407,4404,4410,4395,4422,4409,4399,4398,4427,4428,4423,4401,4400,4431,4425,4424,4429,4430,4393,4412,4397,4416,4411,4426,4392,4391],"brands":[],"_links":{"self":[{"href":"https:\/\/stage.shop-cellularswiss.ch\/de\/wp-json\/wp\/v2\/product\/52134"}],"collection":[{"href":"https:\/\/stage.shop-cellularswiss.ch\/de\/wp-json\/wp\/v2\/product"}],"about":[{"href":"https:\/\/stage.shop-cellularswiss.ch\/de\/wp-json\/wp\/v2\/types\/product"}],"replies":[{"embeddable":true,"href":"https:\/\/stage.shop-cellularswiss.ch\/de\/wp-json\/wp\/v2\/comments?post=52134"}],"wp:featuredmedia":[{"embeddable":true,"href":"https:\/\/stage.shop-cellularswiss.ch\/de\/wp-json\/wp\/v2\/media\/62748"}],"wp:attachment":[{"href":"https:\/\/stage.shop-cellularswiss.ch\/de\/wp-json\/wp\/v2\/media?parent=52134"}],"wp:term":[{"taxonomy":"pwb-brand","embeddable":true,"href":"https:\/\/stage.shop-cellularswiss.ch\/de\/wp-json\/wp\/v2\/pwb-brand?post=52134"},{"taxonomy":"product_cat","embeddable":true,"href":"https:\/\/stage.shop-cellularswiss.ch\/de\/wp-json\/wp\/v2\/product_cat?post=52134"},{"taxonomy":"product_tag","embeddable":true,"href":"https:\/\/stage.shop-cellularswiss.ch\/de\/wp-json\/wp\/v2\/product_tag?post=52134"},{"taxonomy":"compatibilite","embeddable":true,"href":"https:\/\/stage.shop-cellularswiss.ch\/de\/wp-json\/wp\/v2\/compatibilite?post=52134"},{"taxonomy":"compatibilite_smartphone","embeddable":true,"href":"https:\/\/stage.shop-cellularswiss.ch\/de\/wp-json\/wp\/v2\/compatibilite_smartphone?post=52134"}],"curies":[{"name":"wp","href":"https:\/\/api.w.org\/{rel}","templated":true}]}}