
{"id":52136,"date":"2021-03-20T11:27:00","date_gmt":"2021-03-20T13:10:41","guid":{"rendered":"https:\/\/stage.shop-cellularswiss.ch\/produit\/power-bank-tank-10000\/"},"modified":"2021-03-20T14:10:43","modified_gmt":"2021-03-20T13:10:43","slug":"power-bank-tank-10000","status":"publish","type":"product","link":"https:\/\/stage.shop-cellularswiss.ch\/de\/produit\/power-bank-tank-10000\/","title":{"rendered":"Power Bank TANK 10000"},"content":{"rendered":"<p>Powerbank TANK 10000 ist das tragbare Akkuladeger\u00e4t mit dem besten Verh\u00e4ltnis aus Leistung und Gr\u00f6\u00dfe. Die Lithium-Polymer-Akkus hoher Dichte gew\u00e4hrleisten erh\u00f6hte Leistung bei geringem Volumen, womit die Powerbank die Ger\u00e4te h\u00e4ufiger aufladen und trotzdem extrem geringe Abmessungen haben kann. Die Powerbank mit einem minimalistischen und auf das Wesentliche beschr\u00e4nkten Design ist mit einem rutschfesten Soft-Touch-Material bezogen, um optimalen Halt zu gew\u00e4hrleisten. Dank des Doppeleingangs (USB-C und MICRO-USB) kann das Smartphone mit dem verf\u00fcgbaren Kabel aufgeladen werden.<\/p>\n","protected":false},"excerpt":{"rendered":"<p>Kompaktes tragbares Akkuladeger\u00e4t<\/p>\n","protected":false},"featured_media":62760,"comment_status":"closed","ping_status":"closed","template":"","meta":{"_et_pb_use_builder":"","_et_pb_old_content":"","_et_gb_content_width":""},"pwb-brand":[],"product_cat":[1781,1793],"product_tag":[],"compatibilite":[],"compatibilite_smartphone":[4438],"brands":[],"_links":{"self":[{"href":"https:\/\/stage.shop-cellularswiss.ch\/de\/wp-json\/wp\/v2\/product\/52136"}],"collection":[{"href":"https:\/\/stage.shop-cellularswiss.ch\/de\/wp-json\/wp\/v2\/product"}],"about":[{"href":"https:\/\/stage.shop-cellularswiss.ch\/de\/wp-json\/wp\/v2\/types\/product"}],"replies":[{"embeddable":true,"href":"https:\/\/stage.shop-cellularswiss.ch\/de\/wp-json\/wp\/v2\/comments?post=52136"}],"wp:featuredmedia":[{"embeddable":true,"href":"https:\/\/stage.shop-cellularswiss.ch\/de\/wp-json\/wp\/v2\/media\/62760"}],"wp:attachment":[{"href":"https:\/\/stage.shop-cellularswiss.ch\/de\/wp-json\/wp\/v2\/media?parent=52136"}],"wp:term":[{"taxonomy":"pwb-brand","embeddable":true,"href":"https:\/\/stage.shop-cellularswiss.ch\/de\/wp-json\/wp\/v2\/pwb-brand?post=52136"},{"taxonomy":"product_cat","embeddable":true,"href":"https:\/\/stage.shop-cellularswiss.ch\/de\/wp-json\/wp\/v2\/product_cat?post=52136"},{"taxonomy":"product_tag","embeddable":true,"href":"https:\/\/stage.shop-cellularswiss.ch\/de\/wp-json\/wp\/v2\/product_tag?post=52136"},{"taxonomy":"compatibilite","embeddable":true,"href":"https:\/\/stage.shop-cellularswiss.ch\/de\/wp-json\/wp\/v2\/compatibilite?post=52136"},{"taxonomy":"compatibilite_smartphone","embeddable":true,"href":"https:\/\/stage.shop-cellularswiss.ch\/de\/wp-json\/wp\/v2\/compatibilite_smartphone?post=52136"}],"curies":[{"name":"wp","href":"https:\/\/api.w.org\/{rel}","templated":true}]}}