
{"id":52139,"date":"2021-03-20T11:27:07","date_gmt":"2021-03-20T13:10:45","guid":{"rendered":"https:\/\/stage.shop-cellularswiss.ch\/produit\/power-pill-apple-watch\/"},"modified":"2021-03-20T14:10:49","modified_gmt":"2021-03-20T13:10:49","slug":"power-pill-apple-watch","status":"publish","type":"product","link":"https:\/\/stage.shop-cellularswiss.ch\/de\/produit\/power-pill-apple-watch\/","title":{"rendered":"Power Pill &#8211; Apple Watch"},"content":{"rendered":"<p>POWER PILL ist ein kleines und kompaktes Ladeger\u00e4t f\u00fcr Apple Watch, ideal zum Aufladen f\u00fcr unterwegs. Das mit USB-C-Stecker und USB-Adapter im Lieferumfang ausgestattete Power Pill kann mit PC, MacBook, Powerbank und USB- oder USB-C-Ladeger\u00e4t verwendet werden. Dank der kleinen Gr\u00f6\u00dfe und der breiten Kompatibilit\u00e4t ist Power Pill die praktische L\u00f6sung zum Aufladen der Apple Watch unterwegs.<\/p>\n","protected":false},"excerpt":{"rendered":"<p>Ladeger\u00e4t f\u00fcr Apple Watch mit USB-Adapter<\/p>\n","protected":false},"featured_media":62812,"comment_status":"closed","ping_status":"closed","template":"","meta":{"_et_pb_use_builder":"","_et_pb_old_content":"","_et_gb_content_width":""},"pwb-brand":[],"product_cat":[1781,1784],"product_tag":[],"compatibilite":[],"compatibilite_smartphone":[4468,4499,4471,4501,4470,4483,4484,4476,4477,4478,4479,4480,4481,4472,4473,4474,4475,4485,4482,4502,4503,4504,4500,4505],"brands":[],"_links":{"self":[{"href":"https:\/\/stage.shop-cellularswiss.ch\/de\/wp-json\/wp\/v2\/product\/52139"}],"collection":[{"href":"https:\/\/stage.shop-cellularswiss.ch\/de\/wp-json\/wp\/v2\/product"}],"about":[{"href":"https:\/\/stage.shop-cellularswiss.ch\/de\/wp-json\/wp\/v2\/types\/product"}],"replies":[{"embeddable":true,"href":"https:\/\/stage.shop-cellularswiss.ch\/de\/wp-json\/wp\/v2\/comments?post=52139"}],"wp:featuredmedia":[{"embeddable":true,"href":"https:\/\/stage.shop-cellularswiss.ch\/de\/wp-json\/wp\/v2\/media\/62812"}],"wp:attachment":[{"href":"https:\/\/stage.shop-cellularswiss.ch\/de\/wp-json\/wp\/v2\/media?parent=52139"}],"wp:term":[{"taxonomy":"pwb-brand","embeddable":true,"href":"https:\/\/stage.shop-cellularswiss.ch\/de\/wp-json\/wp\/v2\/pwb-brand?post=52139"},{"taxonomy":"product_cat","embeddable":true,"href":"https:\/\/stage.shop-cellularswiss.ch\/de\/wp-json\/wp\/v2\/product_cat?post=52139"},{"taxonomy":"product_tag","embeddable":true,"href":"https:\/\/stage.shop-cellularswiss.ch\/de\/wp-json\/wp\/v2\/product_tag?post=52139"},{"taxonomy":"compatibilite","embeddable":true,"href":"https:\/\/stage.shop-cellularswiss.ch\/de\/wp-json\/wp\/v2\/compatibilite?post=52139"},{"taxonomy":"compatibilite_smartphone","embeddable":true,"href":"https:\/\/stage.shop-cellularswiss.ch\/de\/wp-json\/wp\/v2\/compatibilite_smartphone?post=52139"}],"curies":[{"name":"wp","href":"https:\/\/api.w.org\/{rel}","templated":true}]}}